{"id":99,"date":"2012-09-15T13:46:55","date_gmt":"2012-09-15T13:46:55","guid":{"rendered":"http:\/\/wir-sind-zeltlager.de\/?page_id=99"},"modified":"2013-01-11T10:39:06","modified_gmt":"2013-01-11T10:39:06","slug":"the-legend-of-zeltlager-eine-sagenhafte-reise","status":"publish","type":"page","link":"https:\/\/wir-sind-zeltlager.de\/?page_id=99","title":{"rendered":"The Legend Of Zeltlager &#8211; Eine Sagenhafte Reise"},"content":{"rendered":"<p>Es war einmal vor langer, aber eigentlich gar nicht allzu langer Zeit, als sich 41 mutige Kinder auf die Reise in ein unbekanntes Land begaben. Von diesem Land erz\u00e4hlt man sich viele Mythen und Sagen, die es nun von den Kindern zu erkunden galt. Ausger\u00fcstet mit Taschenlampen, Schlafs\u00e4cken, Gitarren und vor allem leckeren Kuchen, fuhr ein Bus die wilde Truppe in das sch\u00f6ne Sauerland. Viele H\u00f6henmeter mussten \u00fcberwunden werden, um schlie\u00dflich in einem Ort namens Hofolpe eine Mission erf\u00fcllen zu k\u00f6nnen: zehn sch\u00f6ne Tage eine Gruppe von Leitern und Kochfrauen auf Trab halten. Aber das ist leichter gesagt als getan!<\/p>\n<p>Zun\u00e4chst galt es die Leiter und Kochfrauen in die Gruppe zu integrieren. Beim gemeinsamen Kennenlernen und Zeltlagerfahne malen, war das absolut kein Problem. Doch mit diesem Programm sind noch nicht alle Grenzen ausgereizt worden. So unternahmen die Kinder bei Wind und Wetter viele Wald- und Gel\u00e4ndespiele, in denen es um Schmuggelei, finanzielle Imperien, Baukl\u00f6tze, aber auch verzwickte Beziehungsverh\u00e4ltnisse ging. Dabei war es nicht immer leicht, denn nicht nur knifflige R\u00e4tsel, sondern auch viele \u00c4ste, Wurzeln oder auch andere Hindernisse mussten \u00fcberwunden werden.<\/p>\n<p>Im Anschluss an ein solch nervenaufreibendes Spiel, ging es f\u00fcr alle gemeinsam wieder zur\u00fcck ins Lager &#8211; doch an eine Pause war selten zu denken. W\u00e4hrend die Leiter im Spiel gefordert worden sind, waren anschlie\u00dfend die Kochfrauen an der Reihe. Sie hatten nun viele hungrige M\u00e4uler zu stopfen, doch dies war nat\u00fcrlich kein Problem f\u00fcr die drei Frauen von der Futteranlaufstelle. T\u00e4glich, ja gar st\u00fcndlich regnete es Komplimente f\u00fcr das wohlschmeckende Essen.<\/p>\n<p>Am Ende eines jeden Tages galt es sich nun noch einmal zu sammeln, um am Lagerfeuer den Tag gemeinsam ausklingen lassen zu k\u00f6nnen. Dies geschah mit vielen Ges\u00e4ngen und Spielen, aber auch Urkunden f\u00fcr die Kinder, die besonders gro\u00dfen Mut bei den Gel\u00e4ndespielen bewiesen hatten. W\u00e4hrend eine kleine Gruppe von Kindern nun den Lagerplatz und vor allem die in 17 Meter in den Himmel ragende Lagerfahne bewachten, legten sich alle anderen zufrieden, aber auch voller Erwartungen, in die Zelte und tr\u00e4umten von den Abenteuern des n\u00e4chsten Tages. Den H\u00f6hepunkt ihrer sagenhaften Reise erlebten die Kinder im Freizeitbad in Plettenberg. W\u00e4hrend sie den Tribut der Leiter bereits mittags erlebten &#8211; als eine fast komplette Leitergruppe auf St\u00fchlen schlafend im Solebad sa\u00df \u2013 kapitulierten viele Kinder zufrieden im Bus und verschliefen die R\u00fcckfahrt ins Lager nach einem Tag voller Schwimm- und Rutschabendteuer.<\/p>\n<p>Fazit des Zeltlagers: Mission erf\u00fcllt!<\/p>\n<p style=\"text-align: right;\">Jana Potthast<\/p>\n","protected":false},"excerpt":{"rendered":"<p>Es war einmal vor langer, aber eigentlich gar nicht allzu langer Zeit, als sich 41 mutige Kinder auf die Reise in ein unbekanntes Land begaben. Von diesem Land erz\u00e4hlt man sich viele Mythen und Sagen, die es nun von den Kindern zu erkunden galt. Ausger\u00fcstet mit Taschenlampen, Schlafs\u00e4cken, Gitarren und vor allem leckeren Kuchen, fuhr ein Bus die wilde Truppe in das sch\u00f6ne Sauerland. Viele H\u00f6henmeter mussten \u00fcberwunden werden, um schlie\u00dflich in einem Ort namens Hofolpe eine Mission erf\u00fcllen zu k\u00f6nnen: zehn sch\u00f6ne Tage eine Gruppe von Leitern und Kochfrauen auf Trab halten. Aber das ist leichter gesagt als getan! Zun\u00e4chst galt es die Leiter und Kochfrauen in die Gruppe zu integrieren. Beim gemeinsamen Kennenlernen und Zeltlagerfahne malen, war das absolut kein Problem. Doch mit diesem Programm sind noch nicht alle Grenzen ausgereizt worden. So unternahmen die Kinder bei Wind und Wetter viele Wald- und Gel\u00e4ndespiele, in denen es um Schmuggelei, finanzielle Imperien, Baukl\u00f6tze, aber auch verzwickte Beziehungsverh\u00e4ltnisse ging. Dabei war es nicht immer leicht, denn nicht nur knifflige R\u00e4tsel, sondern auch viele \u00c4ste, Wurzeln oder auch andere Hindernisse mussten \u00fcberwunden werden. Im Anschluss an ein solch nervenaufreibendes Spiel, ging es f\u00fcr alle gemeinsam wieder zur\u00fcck ins Lager &#8211; doch<\/p>\n","protected":false},"author":2,"featured_media":0,"parent":51,"menu_order":14,"comment_status":"open","ping_status":"closed","template":"","meta":{"footnotes":""},"class_list":["post-99","page","type-page","status-publish","hentry"],"_links":{"self":[{"href":"https:\/\/wir-sind-zeltlager.de\/index.php?rest_route=\/wp\/v2\/pages\/99","targetHints":{"allow":["GET"]}}],"collection":[{"href":"https:\/\/wir-sind-zeltlager.de\/index.php?rest_route=\/wp\/v2\/pages"}],"about":[{"href":"https:\/\/wir-sind-zeltlager.de\/index.php?rest_route=\/wp\/v2\/types\/page"}],"author":[{"embeddable":true,"href":"https:\/\/wir-sind-zeltlager.de\/index.php?rest_route=\/wp\/v2\/users\/2"}],"replies":[{"embeddable":true,"href":"https:\/\/wir-sind-zeltlager.de\/index.php?rest_route=%2Fwp%2Fv2%2Fcomments&post=99"}],"version-history":[{"count":8,"href":"https:\/\/wir-sind-zeltlager.de\/index.php?rest_route=\/wp\/v2\/pages\/99\/revisions"}],"predecessor-version":[{"id":291,"href":"https:\/\/wir-sind-zeltlager.de\/index.php?rest_route=\/wp\/v2\/pages\/99\/revisions\/291"}],"up":[{"embeddable":true,"href":"https:\/\/wir-sind-zeltlager.de\/index.php?rest_route=\/wp\/v2\/pages\/51"}],"wp:attachment":[{"href":"https:\/\/wir-sind-zeltlager.de\/index.php?rest_route=%2Fwp%2Fv2%2Fmedia&parent=99"}],"curies":[{"name":"wp","href":"https:\/\/api.w.org\/{rel}","templated":true}]}}