{"id":947,"date":"2015-08-30T14:13:18","date_gmt":"2015-08-30T12:13:18","guid":{"rendered":"http:\/\/wir-sind-zeltlager.de\/?page_id=947"},"modified":"2023-08-06T14:42:44","modified_gmt":"2023-08-06T12:42:44","slug":"verstaerkung-fuer-das-team","status":"publish","type":"page","link":"https:\/\/wir-sind-zeltlager.de\/?page_id=947","title":{"rendered":"Verst\u00e4rkung f\u00fcr das Team"},"content":{"rendered":"<p>Wer\u00a0Leiterin oder Leiter im Zeltlager-Team werden will, sollte:<\/p>\n<ul>\n<li>mindestens 16 Jahre alt sein<\/li>\n<li>an einer Grundausbildung in der Jugendarbeit teilgenommen haben<\/li>\n<li>teamf\u00e4hig sein, aber auch eigenverantwortlich arbeiten<\/li>\n<li>wissen, dass das ein 24-Stunden-Job ist<\/li>\n<li>Spa\u00df am Ehrenamt haben<\/li>\n<li>ein bisschen verr\u00fcckt sein<\/li>\n<li>die Arbeit mit Kindern m\u00f6gen<\/li>\n<li>Gel\u00e4ndespiele, Natur, Zelte, Stockbrot usw. m\u00f6gen<\/li>\n<li>im Zelt schlafen k\u00f6nnen<\/li>\n<li>am Lagerfeuer sitzen k\u00f6nnen<\/li>\n<\/ul>\n<p>Wenn diese Punkte auf dich zutreffen, dann bist du wie f\u00fcr die Leiterrunde gemacht!<br \/>\nSchreib uns eine E-Mail an <a href=\"mailto:info@wir-sind-zeltlager.de\">info@wir-sind-zeltlager.de<\/a>.<\/p>\n","protected":false},"excerpt":{"rendered":"<p>Wer\u00a0Leiterin oder Leiter im Zeltlager-Team werden will, sollte: mindestens 16 Jahre alt sein an einer Grundausbildung in der Jugendarbeit teilgenommen haben teamf\u00e4hig sein, aber auch eigenverantwortlich arbeiten wissen, dass das ein 24-Stunden-Job ist Spa\u00df am Ehrenamt haben ein bisschen verr\u00fcckt sein die Arbeit mit Kindern m\u00f6gen Gel\u00e4ndespiele, Natur, Zelte, Stockbrot usw. m\u00f6gen im Zelt schlafen k\u00f6nnen am Lagerfeuer sitzen k\u00f6nnen Wenn diese Punkte auf dich zutreffen, dann bist du wie f\u00fcr die Leiterrunde gemacht! Schreib uns eine E-Mail an info@wir-sind-zeltlager.de.<\/p>\n","protected":false},"author":2,"featured_media":0,"parent":41,"menu_order":0,"comment_status":"closed","ping_status":"closed","template":"","meta":{"footnotes":""},"class_list":["post-947","page","type-page","status-publish","hentry"],"_links":{"self":[{"href":"https:\/\/wir-sind-zeltlager.de\/index.php?rest_route=\/wp\/v2\/pages\/947","targetHints":{"allow":["GET"]}}],"collection":[{"href":"https:\/\/wir-sind-zeltlager.de\/index.php?rest_route=\/wp\/v2\/pages"}],"about":[{"href":"https:\/\/wir-sind-zeltlager.de\/index.php?rest_route=\/wp\/v2\/types\/page"}],"author":[{"embeddable":true,"href":"https:\/\/wir-sind-zeltlager.de\/index.php?rest_route=\/wp\/v2\/users\/2"}],"replies":[{"embeddable":true,"href":"https:\/\/wir-sind-zeltlager.de\/index.php?rest_route=%2Fwp%2Fv2%2Fcomments&post=947"}],"version-history":[{"count":5,"href":"https:\/\/wir-sind-zeltlager.de\/index.php?rest_route=\/wp\/v2\/pages\/947\/revisions"}],"predecessor-version":[{"id":1508,"href":"https:\/\/wir-sind-zeltlager.de\/index.php?rest_route=\/wp\/v2\/pages\/947\/revisions\/1508"}],"up":[{"embeddable":true,"href":"https:\/\/wir-sind-zeltlager.de\/index.php?rest_route=\/wp\/v2\/pages\/41"}],"wp:attachment":[{"href":"https:\/\/wir-sind-zeltlager.de\/index.php?rest_route=%2Fwp%2Fv2%2Fmedia&parent=947"}],"curies":[{"name":"wp","href":"https:\/\/api.w.org\/{rel}","templated":true}]}}