{"id":916,"date":"2015-08-17T18:07:01","date_gmt":"2015-08-17T18:07:01","guid":{"rendered":"http:\/\/wir-sind-zeltlager.de\/?page_id=916"},"modified":"2015-08-17T18:07:20","modified_gmt":"2015-08-17T18:07:20","slug":"durch-die-weiten-praerien-des-sauerlandes","status":"publish","type":"page","link":"https:\/\/wir-sind-zeltlager.de\/?page_id=916","title":{"rendered":"Durch die weiten Pr\u00e4rien des Sauerlandes"},"content":{"rendered":"<p>In diesem Jahr verschlug es das Ferienlager der Pfarrgemeinde Mari\u00e4 Himmelfahrt P\u00f6mbsen in die weiten Pr\u00e4rien des Sauerlandes. Die 54 Kinder und das 18-k\u00f6pfige Leitungsteam verbrachten zw\u00f6lf abenteuerliche Tage in Arpe. Dabei erkundeten die Teilnehmer den wilden Westen auf den Spuren der Cowboys und Indianer: Die N\u00e4chte verbrachten sie in ihren Tipis, w\u00e4hrend sie tags\u00fcber die unendlichen Pr\u00e4rie des Sauerlandes unsicher machten. Dabei brachten sie Postkutschenr\u00e4uber zur Strecke und die wertvolle Ladung in Sicherheit, erschlossen den Wilden Westen per Zug und fingen wilde Pferde ein. Den Sonnenuntergang verbrachten alle w\u00e4hrend der Abendrunden in gewohnter Weise am Lagerfeuer. Wenn doch mal ein Sturm aufzog, trotzten wir dem Regen und dem Wind gekonnt. Der Tagesausritt f\u00fchrte uns dieses Jahr in den Panorama-Park, wo jeder wilde Tiere ersp\u00e4hen und sich auf dem H\u00fcpfkissen in Wildwest-Manier austoben konnte. W\u00e4hrend des Lagers verk\u00f6stigten die vier Saloon-Damen die wilde Meute mit Bisonsteaks und alkoholfreiem Feuerwasser.<br \/>\nIn diesem Jahr konnten wir unseren 1000. Teilnehmer begr\u00fc\u00dfen, gleichzeitig feierte das Zeltlager seinen 18. Geburtstag, daher findet am 26.9.2015 in P\u00f6mbsen der Zeltlagerfamilientag statt. Neben der Fotopr\u00e4sentation wird es ein gem\u00fctliches Beisammensein am Lagerfeuer und zeltlagertypische Spiele geben. Alle Teilnehmer, Familienmitglieder, Freunde, Ehemalige und Interessierte sind herzlich eingeladen.<br \/>\nAuch n\u00e4chstes Jahr wird es in der zweiten H\u00e4lfte der Sommerferien wieder ein Zeltlager geben. Wir freuen uns auf Dich!<\/p>\n","protected":false},"excerpt":{"rendered":"<p>In diesem Jahr verschlug es das Ferienlager der Pfarrgemeinde Mari\u00e4 Himmelfahrt P\u00f6mbsen in die weiten Pr\u00e4rien des Sauerlandes. Die 54 Kinder und das 18-k\u00f6pfige Leitungsteam verbrachten zw\u00f6lf abenteuerliche Tage in Arpe. Dabei erkundeten die Teilnehmer den wilden Westen auf den Spuren der Cowboys und Indianer: Die N\u00e4chte verbrachten sie in ihren Tipis, w\u00e4hrend sie tags\u00fcber die unendlichen Pr\u00e4rie des Sauerlandes unsicher machten. Dabei brachten sie Postkutschenr\u00e4uber zur Strecke und die wertvolle Ladung in Sicherheit, erschlossen den Wilden Westen per Zug und fingen wilde Pferde ein. Den Sonnenuntergang verbrachten alle w\u00e4hrend der Abendrunden in gewohnter Weise am Lagerfeuer. Wenn doch mal ein Sturm aufzog, trotzten wir dem Regen und dem Wind gekonnt. Der Tagesausritt f\u00fchrte uns dieses Jahr in den Panorama-Park, wo jeder wilde Tiere ersp\u00e4hen und sich auf dem H\u00fcpfkissen in Wildwest-Manier austoben konnte. W\u00e4hrend des Lagers verk\u00f6stigten die vier Saloon-Damen die wilde Meute mit Bisonsteaks und alkoholfreiem Feuerwasser. In diesem Jahr konnten wir unseren 1000. Teilnehmer begr\u00fc\u00dfen, gleichzeitig feierte das Zeltlager seinen 18. Geburtstag, daher findet am 26.9.2015 in P\u00f6mbsen der Zeltlagerfamilientag statt. Neben der Fotopr\u00e4sentation wird es ein gem\u00fctliches Beisammensein am Lagerfeuer und zeltlagertypische Spiele geben. Alle Teilnehmer, Familienmitglieder, Freunde, Ehemalige und Interessierte sind herzlich eingeladen. Auch n\u00e4chstes<\/p>\n","protected":false},"author":2,"featured_media":0,"parent":51,"menu_order":18,"comment_status":"open","ping_status":"closed","template":"","meta":{"footnotes":""},"class_list":["post-916","page","type-page","status-publish","hentry"],"_links":{"self":[{"href":"https:\/\/wir-sind-zeltlager.de\/index.php?rest_route=\/wp\/v2\/pages\/916","targetHints":{"allow":["GET"]}}],"collection":[{"href":"https:\/\/wir-sind-zeltlager.de\/index.php?rest_route=\/wp\/v2\/pages"}],"about":[{"href":"https:\/\/wir-sind-zeltlager.de\/index.php?rest_route=\/wp\/v2\/types\/page"}],"author":[{"embeddable":true,"href":"https:\/\/wir-sind-zeltlager.de\/index.php?rest_route=\/wp\/v2\/users\/2"}],"replies":[{"embeddable":true,"href":"https:\/\/wir-sind-zeltlager.de\/index.php?rest_route=%2Fwp%2Fv2%2Fcomments&post=916"}],"version-history":[{"count":2,"href":"https:\/\/wir-sind-zeltlager.de\/index.php?rest_route=\/wp\/v2\/pages\/916\/revisions"}],"predecessor-version":[{"id":918,"href":"https:\/\/wir-sind-zeltlager.de\/index.php?rest_route=\/wp\/v2\/pages\/916\/revisions\/918"}],"up":[{"embeddable":true,"href":"https:\/\/wir-sind-zeltlager.de\/index.php?rest_route=\/wp\/v2\/pages\/51"}],"wp:attachment":[{"href":"https:\/\/wir-sind-zeltlager.de\/index.php?rest_route=%2Fwp%2Fv2%2Fmedia&parent=916"}],"curies":[{"name":"wp","href":"https:\/\/api.w.org\/{rel}","templated":true}]}}