{"id":810,"date":"2014-11-02T15:01:59","date_gmt":"2014-11-02T15:01:59","guid":{"rendered":"http:\/\/wir-sind-zeltlager.de\/?page_id=810"},"modified":"2014-11-02T15:01:59","modified_gmt":"2014-11-02T15:01:59","slug":"bremke-2009-die-wunderbare-welt-der-wunder","status":"publish","type":"page","link":"https:\/\/wir-sind-zeltlager.de\/?page_id=810","title":{"rendered":"Bremke 2009: Die wunderbare Welt der Wunder"},"content":{"rendered":"<p>Da die Sommerferien dieses Jahr etwas sp\u00e4ter waren, ging es vom 10.08.2009 bis zum 15.08.2009 nach Bremke in den Hochsauerlandkreis. Mit 39 Kindern und 17 Leitern und Kochfrauen sind wir in die wunderbare Welt der Wunder gestartet. Um viele Wunder kennen zu lernen, wurden jeden Tag in der Morgenrunde Experimente vorgef\u00fchrt. Da staunt man nicht schlecht, was zum Beispiel aus Zucker, Tinte und Wasser auf einem Teller entsteht. Nat\u00fcrlich d\u00fcrfen auch altbew\u00e4hrte Programmpunkte in diesem Jahr nicht fehlen, ein Wortgottesdienst wurde von Anne Frank gehalten, ein weiterer Gottesdienst von Herrn Lauschus und auch die Wasserschlacht lie\u00df kein Auge trocken. Bei 1,2 oder 3 mit Fauchi und dem Kamerakind kommt gro\u00dfe Freude auf und statt einer Nachtwanderung gab es ein Nachtspiel.<\/p>\n<p>Dieses Jahr wurde die Lagerfahne extrem h\u00e4ufig geklaut, in einer Nacht wurde es drei Mal probiert. Da auch die gro\u00dfen Jungs die Lagerfahne geklaut haben und diese im Kopfkissen versteckt hatten, haben sich die Leiter schnell ger\u00e4cht und die Zeltstange der Jungs geklaut, so dass das Zelt zusammen gefallen ist. Kinder vergesst nie, dass die Leiter am l\u00e4ngerem Hebel sitzen \ud83d\ude42 . Tauschaktion: Zeltstange gegen Lagerfahne.<\/p>\n<p>Als Highlight auf dem Bergfest hatten wir diesesmal einen Casinoabend. Also hatten sich alle gestylt und versucht an den einzelnen Spieltischen ihr \u201eGeld\u201c zu vermehren. Hier war nat\u00fcrlich Gl\u00fcck, Strategie und Pokerface gefragt!<\/p>\n<p>Der Tagesausflug ging in den Panoramapark Sauerland. Da das Wetter nicht ganz so sonnig war, hatten wir den Park fast ganz f\u00fcr uns alleine, zumindest das gro\u00dfe H\u00fcpfkissen. Sobald ein anderer Parkbesucher auf das H\u00fcpfkissen wollte, kam unser Schlachtruf \u201eHier regiert das Zelt-la-ger\u201c und der Parkbesucher wurde behutsam unter lautem Gejohle umgerannt. Hierbei hatten die Leiter genauso Spa\u00df wie die Kinder. Mit dem Chaosspiel und einem Abschlussgottesdienst, den Johannes Sch\u00e4fers gehalten hat, n\u00e4herte sich das Zeltlager 2009 schon seinem Ende. Wir sind gespannt, was uns n\u00e4chstes Jahr alles erwartet.<\/p>\n","protected":false},"excerpt":{"rendered":"<p>Da die Sommerferien dieses Jahr etwas sp\u00e4ter waren, ging es vom 10.08.2009 bis zum 15.08.2009 nach Bremke in den Hochsauerlandkreis. Mit 39 Kindern und 17 Leitern und Kochfrauen sind wir in die wunderbare Welt der Wunder gestartet. Um viele Wunder kennen zu lernen, wurden jeden Tag in der Morgenrunde Experimente vorgef\u00fchrt. Da staunt man nicht schlecht, was zum Beispiel aus Zucker, Tinte und Wasser auf einem Teller entsteht. Nat\u00fcrlich d\u00fcrfen auch altbew\u00e4hrte Programmpunkte in diesem Jahr nicht fehlen, ein Wortgottesdienst wurde von Anne Frank gehalten, ein weiterer Gottesdienst von Herrn Lauschus und auch die Wasserschlacht lie\u00df kein Auge trocken. Bei 1,2 oder 3 mit Fauchi und dem Kamerakind kommt gro\u00dfe Freude auf und statt einer Nachtwanderung gab es ein Nachtspiel. Dieses Jahr wurde die Lagerfahne extrem h\u00e4ufig geklaut, in einer Nacht wurde es drei Mal probiert. Da auch die gro\u00dfen Jungs die Lagerfahne geklaut haben und diese im Kopfkissen versteckt hatten, haben sich die Leiter schnell ger\u00e4cht und die Zeltstange der Jungs geklaut, so dass das Zelt zusammen gefallen ist. Kinder vergesst nie, dass die Leiter am l\u00e4ngerem Hebel sitzen \ud83d\ude42 . Tauschaktion: Zeltstange gegen Lagerfahne. Als Highlight auf dem Bergfest hatten wir diesesmal einen Casinoabend. Also hatten sich alle<\/p>\n","protected":false},"author":4,"featured_media":0,"parent":51,"menu_order":12,"comment_status":"open","ping_status":"closed","template":"","meta":{"footnotes":""},"class_list":["post-810","page","type-page","status-publish","hentry"],"_links":{"self":[{"href":"https:\/\/wir-sind-zeltlager.de\/index.php?rest_route=\/wp\/v2\/pages\/810","targetHints":{"allow":["GET"]}}],"collection":[{"href":"https:\/\/wir-sind-zeltlager.de\/index.php?rest_route=\/wp\/v2\/pages"}],"about":[{"href":"https:\/\/wir-sind-zeltlager.de\/index.php?rest_route=\/wp\/v2\/types\/page"}],"author":[{"embeddable":true,"href":"https:\/\/wir-sind-zeltlager.de\/index.php?rest_route=\/wp\/v2\/users\/4"}],"replies":[{"embeddable":true,"href":"https:\/\/wir-sind-zeltlager.de\/index.php?rest_route=%2Fwp%2Fv2%2Fcomments&post=810"}],"version-history":[{"count":1,"href":"https:\/\/wir-sind-zeltlager.de\/index.php?rest_route=\/wp\/v2\/pages\/810\/revisions"}],"predecessor-version":[{"id":811,"href":"https:\/\/wir-sind-zeltlager.de\/index.php?rest_route=\/wp\/v2\/pages\/810\/revisions\/811"}],"up":[{"embeddable":true,"href":"https:\/\/wir-sind-zeltlager.de\/index.php?rest_route=\/wp\/v2\/pages\/51"}],"wp:attachment":[{"href":"https:\/\/wir-sind-zeltlager.de\/index.php?rest_route=%2Fwp%2Fv2%2Fmedia&parent=810"}],"curies":[{"name":"wp","href":"https:\/\/api.w.org\/{rel}","templated":true}]}}