{"id":419,"date":"2013-08-19T17:00:25","date_gmt":"2013-08-19T17:00:25","guid":{"rendered":"http:\/\/wir-sind-zeltlager.de\/?page_id=419"},"modified":"2013-08-19T17:07:47","modified_gmt":"2013-08-19T17:07:47","slug":"auf-safari-im-sauerland","status":"publish","type":"page","link":"https:\/\/wir-sind-zeltlager.de\/?page_id=419","title":{"rendered":"Auf Safari im Sauerland"},"content":{"rendered":"<p>Das diesj\u00e4hrige Zeltlager der Pfarrgemeinde P\u00f6mbsen machte sich am 6.8. mit 55 Kindern, Leitern und Kochfrauen im XXL-Jeep auf den Weg ins sauerl\u00e4ndische Braunshausen. Auf der trockenen Steppe schlugen wir unsere Zelte auf. Die Trompete zum Wecken gab jedem von uns das Gef\u00fchl am Morgen einen Elefanten neben dem Zelt stehen zu haben. Wenn unsere hungrigen L\u00f6wenkinder sich dann aus dem Zelt getraut haben wurden sie durch unsere Kochfrauen mit leckeren Gourmetspeisen verw\u00f6hnt. Zehn Tage lang begegneten wir den unterschiedlichsten Tieren und Abenteuern und dass nicht nur in gemeinsamen Spielen auf dem Gel\u00e4nde und im Wald. Es wurden L\u00f6wen gerettet, Tiere gefangen oder auch Gel\u00e4nde-Memory gespielt. Am Abend versammelten wir uns um das Lagerfeuer und schlossen den Tag mit Liedern und einem Gebet ab. W\u00e4hrend die Sonne langsam hinter den Bergen verschwand blieb nur noch die Nachtwache zum Schutz der Fahne in der Wildnis zur\u00fcck. Einer der vielen H\u00f6hepunkte war der Besuch im Erlebnisbad Aqua Mundo, der f\u00fcr uns wie die Oase in der Savanne war. Am 16.8. beendeten wir unsere abenteuerliche Safari mit dem Lagerlied und kehrten zur\u00fcck in die gr\u00fcne Heimat.<\/p>\n<p>F\u00fcr alle Kinder und Jugendlichen zwischen 9 und 14 Jahren oder interessierte Eltern: Im kommenden Jahr planen wir unser Zeltlager in den letzten beiden Sommerferienwochen.<\/p>\n<p style=\"text-align: right;\">Sophie Goeke<\/p>\n","protected":false},"excerpt":{"rendered":"<p>Das diesj\u00e4hrige Zeltlager der Pfarrgemeinde P\u00f6mbsen machte sich am 6.8. mit 55 Kindern, Leitern und Kochfrauen im XXL-Jeep auf den Weg ins sauerl\u00e4ndische Braunshausen. Auf der trockenen Steppe schlugen wir unsere Zelte auf. Die Trompete zum Wecken gab jedem von uns das Gef\u00fchl am Morgen einen Elefanten neben dem Zelt stehen zu haben. Wenn unsere hungrigen L\u00f6wenkinder sich dann aus dem Zelt getraut haben wurden sie durch unsere Kochfrauen mit leckeren Gourmetspeisen verw\u00f6hnt. Zehn Tage lang begegneten wir den unterschiedlichsten Tieren und Abenteuern und dass nicht nur in gemeinsamen Spielen auf dem Gel\u00e4nde und im Wald. Es wurden L\u00f6wen gerettet, Tiere gefangen oder auch Gel\u00e4nde-Memory gespielt. Am Abend versammelten wir uns um das Lagerfeuer und schlossen den Tag mit Liedern und einem Gebet ab. W\u00e4hrend die Sonne langsam hinter den Bergen verschwand blieb nur noch die Nachtwache zum Schutz der Fahne in der Wildnis zur\u00fcck. Einer der vielen H\u00f6hepunkte war der Besuch im Erlebnisbad Aqua Mundo, der f\u00fcr uns wie die Oase in der Savanne war. Am 16.8. beendeten wir unsere abenteuerliche Safari mit dem Lagerlied und kehrten zur\u00fcck in die gr\u00fcne Heimat. F\u00fcr alle Kinder und Jugendlichen zwischen 9 und 14 Jahren oder interessierte Eltern: Im kommenden Jahr planen<\/p>\n","protected":false},"author":2,"featured_media":0,"parent":51,"menu_order":16,"comment_status":"open","ping_status":"closed","template":"","meta":{"footnotes":""},"class_list":["post-419","page","type-page","status-publish","hentry"],"_links":{"self":[{"href":"https:\/\/wir-sind-zeltlager.de\/index.php?rest_route=\/wp\/v2\/pages\/419","targetHints":{"allow":["GET"]}}],"collection":[{"href":"https:\/\/wir-sind-zeltlager.de\/index.php?rest_route=\/wp\/v2\/pages"}],"about":[{"href":"https:\/\/wir-sind-zeltlager.de\/index.php?rest_route=\/wp\/v2\/types\/page"}],"author":[{"embeddable":true,"href":"https:\/\/wir-sind-zeltlager.de\/index.php?rest_route=\/wp\/v2\/users\/2"}],"replies":[{"embeddable":true,"href":"https:\/\/wir-sind-zeltlager.de\/index.php?rest_route=%2Fwp%2Fv2%2Fcomments&post=419"}],"version-history":[{"count":3,"href":"https:\/\/wir-sind-zeltlager.de\/index.php?rest_route=\/wp\/v2\/pages\/419\/revisions"}],"predecessor-version":[{"id":424,"href":"https:\/\/wir-sind-zeltlager.de\/index.php?rest_route=\/wp\/v2\/pages\/419\/revisions\/424"}],"up":[{"embeddable":true,"href":"https:\/\/wir-sind-zeltlager.de\/index.php?rest_route=\/wp\/v2\/pages\/51"}],"wp:attachment":[{"href":"https:\/\/wir-sind-zeltlager.de\/index.php?rest_route=%2Fwp%2Fv2%2Fmedia&parent=419"}],"curies":[{"name":"wp","href":"https:\/\/api.w.org\/{rel}","templated":true}]}}