{"id":41,"date":"2012-09-05T11:32:28","date_gmt":"2012-09-05T09:32:28","guid":{"rendered":"http:\/\/wir-sind-zeltlager.de\/?page_id=41"},"modified":"2023-08-06T15:48:46","modified_gmt":"2023-08-06T13:48:46","slug":"haufig-gestellte-fragen","status":"publish","type":"page","link":"https:\/\/wir-sind-zeltlager.de\/?page_id=41","title":{"rendered":"Fragen"},"content":{"rendered":"<p>Fragen k\u00f6nnen Sie uns gerne per Mail an <a href=\"mailto:info@wir-sind-zeltlager.de \">info@wir-sind-zeltlager.de<\/a> senden. Einige h\u00e4ufig auftretende Fragen sind auf dieser Seite aufgef\u00fchrt.<\/p>\n<p><strong>Frage: Wir kommen nicht aus Langeland\/Reelsen\/Erpentrup\/P\u00f6mbsen. Kann unser Kind trotzdem mitfahren?<\/strong><br \/>\nAntwort: Ja, es muss jedoch in dem Fall beachtet werden, dass der Bus nicht \u00fcber z. B. Bielefeld fahren kann, um die Teilnehmer einzusammeln. Falls Sie also weiter entfernt von den Haltestellen des Busses wohnen, und wir keine weitere Haltestelle in Ihrer N\u00e4he einrichten k\u00f6nnen, m\u00fcssten Sie Ihr Kind in eine der Ortschaften bringen, die vom Bus abgefahren werden. Standardm\u00e4\u00dfig sind das P\u00f6mbsen, Merlsheim, Erpentrup, Langeland, Reelsen und Bad Driburg.<\/p>\n<p><strong>Frage: Nehmt Ihr auch Aufenthalts- und Kochzelte mit?<\/strong><br \/>\nWir buchen nur Zeltpl\u00e4tze mit einem Haus, in dem dann gekocht und gegessen wird. Derartige H\u00e4user k\u00f6nnen zum Beispiel Pfadfinderheime oder Sch\u00fctzenhallen mit angrenzender Wiese sein. Hallen haben vor allem den Vorteil, das Aktivit\u00e4ten die viel Platz ben\u00f6tigen bei schlechtem Wetter auch drinnen durchgef\u00fchrt werden k\u00f6nnen.<\/p>\n<p><strong>Frage: Wie sieht ein typischer Tag im Zeltlager aus?<\/strong><br \/>\nAntwort: Bis auf einige Ausnahmen (falls zum Beispiel ein Ausflug geplant ist) folgt jeder Tag einem bestimmten Ablauf:<\/p>\n<ul>\n<li>07:45 Uhr Wecken<\/li>\n<li>08:15 Uhr Morgenrunde, anschlie\u00dfen Fr\u00fchst\u00fcck<\/li>\n<li>10:00 Uhr Vormittagsprogramm<\/li>\n<li>12:30 Uhr Mittagessen, anschlie\u00dfend Mittagspause<\/li>\n<li>15:00 Uhr Nachmittagsprogramm<\/li>\n<li>18:00 Uhr Abendessen, anschlie\u00dfend Lagerdienste<\/li>\n<li>19:45 Uhr Abendrunde, anschlie\u00dfend Nachtruhe<\/li>\n<\/ul>\n<p><strong>Frage: Unser Kind ist nicht katholisch. Ist das ein Problem?<\/strong><br \/>\nAntwort: Nein, es wird im Lager zwar prinzipiell eine (katholische) Messe gefeiert, und es wird vor und nach den Mahlzeiten gebetet, aber es d\u00fcrfen auch Kinder aller anderen Religionen und Konfessionen mitfahren.<\/p>\n<p><strong>Frage: Mein Sohn X m\u00f6chte aber unbedingt mit seinem Freund Y in einem Zelt schlafen. Geht das?<\/strong><br \/>\nAntwort: Die Kinder werden am Anfang des Lagers in Zeltgruppen eingeteilt. In den Gruppen wird zu den Mahlzeiten gemeinsam gegessen und\u00a0in den Zelten geschlafen, den Gro\u00dfteil der Spiele erleben die Kinder aber in gemischten Gruppen. Entscheidend bei der Gruppeneinteilung ist nach dem Geschlecht zun\u00e4chst das Alter der Teilnehmer. Sollte es n\u00f6tig sein Kinder aus der selben Altersgruppe in zwei oder mehr Gruppen aufzuteilen, so versuchen wir auch die Freundschaften untereinander zu ber\u00fccksichtigen. Wenn zwei Teilnehmer also im gleichen Alter sind, so werden sie wahrscheinlich auch in die selbe Zeltgruppe eingeteilt.<\/p>\n<p><strong>Frage: Ich kann mit vorstellen als Leiter mitzufahren oder das K\u00fcchenteam zu verst\u00e4rken. Welche Vorraussetzungen muss ich erf\u00fcllen? <\/strong><br \/>\nEinige Hinweise findet Ihr auf den Seiten <a href=\"https:\/\/wir-sind-zeltlager.de\/?page_id=947\">Verst\u00e4rkung f\u00fcr das Team<\/a> und <a href=\"https:\/\/wir-sind-zeltlager.de\/?page_id=949\">Verst\u00e4rkung f\u00fcr die K\u00fcche<\/a>.<\/p>\n<p><strong>Frage: In der Checkliste steht &#8222;Messer, die gr\u00f6\u00dfer sind als Schweizer Taschenmesser oder eine feststehende bzw. springende Klinge haben&#8220; d\u00fcrfen nicht mitgebracht werden. Was genau ist damit gemeint?<\/strong><br \/>\nAntwort: Die gr\u00f6\u00dften verf\u00fcgbaren Taschenmesser haben eine 12cm lange Klinge, gr\u00f6\u00dfer d\u00fcrfen mitgebrachte Messer nicht sein. Mit feststehenden Klingen sind Messer gemeint, die sich nicht einklappen lassen (Tauchermesser zum Beispiel). Messer, bei denen die Klinge zum Einklappen entriegelt werden muss, gelten nicht als Feststehend.<\/p>\n","protected":false},"excerpt":{"rendered":"<p>Fragen k\u00f6nnen Sie uns gerne per Mail an info@wir-sind-zeltlager.de senden. Einige h\u00e4ufig auftretende Fragen sind auf dieser Seite aufgef\u00fchrt. Frage: Wir kommen nicht aus Langeland\/Reelsen\/Erpentrup\/P\u00f6mbsen. Kann unser Kind trotzdem mitfahren? Antwort: Ja, es muss jedoch in dem Fall beachtet werden, dass der Bus nicht \u00fcber z. B. Bielefeld fahren kann, um die Teilnehmer einzusammeln. Falls Sie also weiter entfernt von den Haltestellen des Busses wohnen, und wir keine weitere Haltestelle in Ihrer N\u00e4he einrichten k\u00f6nnen, m\u00fcssten Sie Ihr Kind in eine der Ortschaften bringen, die vom Bus abgefahren werden. Standardm\u00e4\u00dfig sind das P\u00f6mbsen, Merlsheim, Erpentrup, Langeland, Reelsen und Bad Driburg. Frage: Nehmt Ihr auch Aufenthalts- und Kochzelte mit? Wir buchen nur Zeltpl\u00e4tze mit einem Haus, in dem dann gekocht und gegessen wird. Derartige H\u00e4user k\u00f6nnen zum Beispiel Pfadfinderheime oder Sch\u00fctzenhallen mit angrenzender Wiese sein. Hallen haben vor allem den Vorteil, das Aktivit\u00e4ten die viel Platz ben\u00f6tigen bei schlechtem Wetter auch drinnen durchgef\u00fchrt werden k\u00f6nnen. Frage: Wie sieht ein typischer Tag im Zeltlager aus? Antwort: Bis auf einige Ausnahmen (falls zum Beispiel ein Ausflug geplant ist) folgt jeder Tag einem bestimmten Ablauf: 07:45 Uhr Wecken 08:15 Uhr Morgenrunde, anschlie\u00dfen Fr\u00fchst\u00fcck 10:00 Uhr Vormittagsprogramm 12:30 Uhr Mittagessen, anschlie\u00dfend Mittagspause 15:00 Uhr Nachmittagsprogramm<\/p>\n","protected":false},"author":2,"featured_media":0,"parent":0,"menu_order":4,"comment_status":"open","ping_status":"closed","template":"","meta":{"footnotes":""},"class_list":["post-41","page","type-page","status-publish","hentry"],"_links":{"self":[{"href":"https:\/\/wir-sind-zeltlager.de\/index.php?rest_route=\/wp\/v2\/pages\/41","targetHints":{"allow":["GET"]}}],"collection":[{"href":"https:\/\/wir-sind-zeltlager.de\/index.php?rest_route=\/wp\/v2\/pages"}],"about":[{"href":"https:\/\/wir-sind-zeltlager.de\/index.php?rest_route=\/wp\/v2\/types\/page"}],"author":[{"embeddable":true,"href":"https:\/\/wir-sind-zeltlager.de\/index.php?rest_route=\/wp\/v2\/users\/2"}],"replies":[{"embeddable":true,"href":"https:\/\/wir-sind-zeltlager.de\/index.php?rest_route=%2Fwp%2Fv2%2Fcomments&post=41"}],"version-history":[{"count":31,"href":"https:\/\/wir-sind-zeltlager.de\/index.php?rest_route=\/wp\/v2\/pages\/41\/revisions"}],"predecessor-version":[{"id":1542,"href":"https:\/\/wir-sind-zeltlager.de\/index.php?rest_route=\/wp\/v2\/pages\/41\/revisions\/1542"}],"wp:attachment":[{"href":"https:\/\/wir-sind-zeltlager.de\/index.php?rest_route=%2Fwp%2Fv2%2Fmedia&parent=41"}],"curies":[{"name":"wp","href":"https:\/\/api.w.org\/{rel}","templated":true}]}}