{"id":37,"date":"2012-09-04T22:32:06","date_gmt":"2012-09-04T22:32:06","guid":{"rendered":"http:\/\/wir-sind-zeltlager.de\/?page_id=37"},"modified":"2012-09-04T22:32:06","modified_gmt":"2012-09-04T22:32:06","slug":"zweistromland","status":"publish","type":"page","link":"https:\/\/wir-sind-zeltlager.de\/?page_id=37","title":{"rendered":"Zweistromland"},"content":{"rendered":"<p>Zweistromland ist ein Gel\u00e4ndespiel, das in einem abgegrenzten Waldst\u00fcck gespielt wird. Die Teilnehmer werden dazu in Gruppen von maximal sechs Personen eingeteilt. In dem Gebiet verstecken sich die Gruppenleiter, diese m\u00fcssen von den Kindern gefunden werden. Findet eine Gruppe einen Leiter, so bekommt sie von diesem einen bestimmten Gegenstand. Dieser muss von der Gruppe zu einer zentralen Station gebracht werden. Die Gruppe, die die meisten (unterschiedlichen) Gegenst\u00e4nde sammelt gewinnt. In den Gebiet gibt es jedoch auch zwei J\u00e4ger. Diese haben die Aufgabe den Kindern die Gegenst\u00e4nde wieder abzunehmen, indem sie versuchen diese zu fangen. Wird ein Mitglied gefangen, so muss die Gruppe alle Gegenst\u00e4nde, die sie bei sich tr\u00e4gt, abgeben. Gegenst\u00e4nde die zur Basis gebracht wurden sind sicher.<\/p>\n<p>Falls nicht gen\u00fcgend Leiter zur Verf\u00fcgung stehen, so k\u00f6nnen die Gegenst\u00e4nde auch einzeln im Wald versteckt werden. Es ist darauf zu achten, dass sich die Gegenst\u00e4nde gut unterscheiden lassen. Die J\u00e4ger sollten ihr Beutegut wieder zur\u00fcck zum jeweiligen Leiter bringen, damit die Gruppe es noch einmal versuchen kann. Die versteckten Leiter sollten mindestens so viele gleiche Gegenst\u00e4nde bei sich haben, wie es Gruppen im Spiel gibt.<\/p>\n","protected":false},"excerpt":{"rendered":"<p>Zweistromland ist ein Gel\u00e4ndespiel, das in einem abgegrenzten Waldst\u00fcck gespielt wird. Die Teilnehmer werden dazu in Gruppen von maximal sechs Personen eingeteilt. In dem Gebiet verstecken sich die Gruppenleiter, diese m\u00fcssen von den Kindern gefunden werden. Findet eine Gruppe einen Leiter, so bekommt sie von diesem einen bestimmten Gegenstand. Dieser muss von der Gruppe zu einer zentralen Station gebracht werden. Die Gruppe, die die meisten (unterschiedlichen) Gegenst\u00e4nde sammelt gewinnt. In den Gebiet gibt es jedoch auch zwei J\u00e4ger. Diese haben die Aufgabe den Kindern die Gegenst\u00e4nde wieder abzunehmen, indem sie versuchen diese zu fangen. Wird ein Mitglied gefangen, so muss die Gruppe alle Gegenst\u00e4nde, die sie bei sich tr\u00e4gt, abgeben. Gegenst\u00e4nde die zur Basis gebracht wurden sind sicher. Falls nicht gen\u00fcgend Leiter zur Verf\u00fcgung stehen, so k\u00f6nnen die Gegenst\u00e4nde auch einzeln im Wald versteckt werden. Es ist darauf zu achten, dass sich die Gegenst\u00e4nde gut unterscheiden lassen. Die J\u00e4ger sollten ihr Beutegut wieder zur\u00fcck zum jeweiligen Leiter bringen, damit die Gruppe es noch einmal versuchen kann. Die versteckten Leiter sollten mindestens so viele gleiche Gegenst\u00e4nde bei sich haben, wie es Gruppen im Spiel gibt.<\/p>\n","protected":false},"author":2,"featured_media":0,"parent":31,"menu_order":0,"comment_status":"open","ping_status":"closed","template":"","meta":{"footnotes":""},"class_list":["post-37","page","type-page","status-publish","hentry"],"_links":{"self":[{"href":"https:\/\/wir-sind-zeltlager.de\/index.php?rest_route=\/wp\/v2\/pages\/37","targetHints":{"allow":["GET"]}}],"collection":[{"href":"https:\/\/wir-sind-zeltlager.de\/index.php?rest_route=\/wp\/v2\/pages"}],"about":[{"href":"https:\/\/wir-sind-zeltlager.de\/index.php?rest_route=\/wp\/v2\/types\/page"}],"author":[{"embeddable":true,"href":"https:\/\/wir-sind-zeltlager.de\/index.php?rest_route=\/wp\/v2\/users\/2"}],"replies":[{"embeddable":true,"href":"https:\/\/wir-sind-zeltlager.de\/index.php?rest_route=%2Fwp%2Fv2%2Fcomments&post=37"}],"version-history":[{"count":1,"href":"https:\/\/wir-sind-zeltlager.de\/index.php?rest_route=\/wp\/v2\/pages\/37\/revisions"}],"predecessor-version":[{"id":38,"href":"https:\/\/wir-sind-zeltlager.de\/index.php?rest_route=\/wp\/v2\/pages\/37\/revisions\/38"}],"up":[{"embeddable":true,"href":"https:\/\/wir-sind-zeltlager.de\/index.php?rest_route=\/wp\/v2\/pages\/31"}],"wp:attachment":[{"href":"https:\/\/wir-sind-zeltlager.de\/index.php?rest_route=%2Fwp%2Fv2%2Fmedia&parent=37"}],"curies":[{"name":"wp","href":"https:\/\/api.w.org\/{rel}","templated":true}]}}