{"id":33,"date":"2012-09-04T22:03:40","date_gmt":"2012-09-04T22:03:40","guid":{"rendered":"http:\/\/wir-sind-zeltlager.de\/?page_id=33"},"modified":"2013-03-30T13:58:15","modified_gmt":"2013-03-30T13:58:15","slug":"capture-the-bauklotz","status":"publish","type":"page","link":"https:\/\/wir-sind-zeltlager.de\/?page_id=33","title":{"rendered":"Capture The Bauklotz"},"content":{"rendered":"<p>Motivation f\u00fcr das Spiel war es, eine Variante von Capture The Flag mit mehr als zwei Mannschaften zu gestalten, da diese bei etwa 40 Teilnehmern sonst zu gro\u00df w\u00fcrden. Capture The Bauklotz kann prinzipiell mit beliebig vielen Teams gespielt werden, wobei sich das Abstecken des Spielfeldes bei mehr als vier Mannschaften als schwierig herausstellt. Es muss ein Gebiet von etwa der Gr\u00f6\u00dfe eines Fu\u00dfballfeldes in gleichgro\u00dfe Teile entsprechend der Anzahl der Mannschaften aufgeteilt werden. Ein Wald ohne zu viel Unterholz ist hier die erste Wahl. Die Teilst\u00fccke nach der Unterteilung sollten dabei etwa gleich beschaffen sein, um keiner Mannschaft unfaire Vorteile zu gew\u00e4hren. Als Markierung f\u00fcr die Grenze zwischen den Gebieten kann man zum Beispiel einzelnen B\u00e4ume mit Flatterband markieren. Innerhalb eines Teilst\u00fccks \u2013 in der \u00e4u\u00dferen Ecke \u2013 befindet sich die Basis der jeweiligen Mannschaft. F\u00fcr diese wird ein Kreis mit einem Radius von zwei bis drei Metern mit S\u00e4gesp\u00e4nen markiert. In in diesen Kreis wird ein beliebiger Beh\u00e4lter mit zehn Baukl\u00f6tzen oder etwas \u00e4hnlichem gestellt. Ziel der anderen Mannschaften ist es nun, in den gekennzeichneten Kreis zu gelangen ohne vorher von der verteidigenden Mannschaft abgeschlagen zu werden. Die Verteidiger d\u00fcrfen ihren eigenen Kreis dabei nicht betreten oder durchqueren. Sobald der Angreifer einen Fu\u00df in der Kreis gesetzt hat kann er einen der Baukl\u00f6tze mitnehmen und ihn in seine eigene Basis bringen. Um besser zu unterscheiden ob jemand abgeschlagen wurde oder nicht, tr\u00e4gt jeder Spieler eine W\u00e4scheklammer offen an der Kleidung. Wird er abgeschlagen, so muss er diese abgeben und ist erst wieder handlungsf\u00e4hig, wenn er sich aus seiner Basis eine neue geholt hat. Abschlagen kann ein Spieler nur in seinem eigenen Gebiet. Gewonnen hat die Mannschaft, die nach einer bestimmten Zeit die meisten Baukl\u00f6tze in ihrer Basis hat.<\/p>\n<p>Es hat sich herausgestellt, dass das Spielt bei nur zwei Mannschaften recht vorhersehbar wird. Es sollten deshalb nach M\u00f6glichkeit mindestens drei Teams sein, wobei jedes Team aus mindestens f\u00fcnf bis sechs Leuten bestehen sollte. Gespielt wurde aber auch schon mit vier Teams und dreizehn bis vierzehn Spielen pro Mannschaft. Auch eine Version bei Nacht wurde erprobt. Dadurch wird der Fokus des Spiels vom Rennen deutlich Richtung Schleichen und Verstecken verschoben und das Spielfeld kann kleiner gew\u00e4hlt werden. Au\u00dferdem wurden Lampen als Markierung f\u00fcr die Basen angebracht.<div id='gallery-1' class='gallery galleryid-33 gallery-columns-3 gallery-size-thumbnail'><figure class='gallery-item'>\n\t\t\t<div class='gallery-icon landscape'>\n\t\t\t\t<a href='https:\/\/wir-sind-zeltlager.de\/?attachment_id=322'><img loading=\"lazy\" decoding=\"async\" width=\"150\" height=\"150\" src=\"https:\/\/wir-sind-zeltlager.de\/wp-content\/uploads\/2012\/09\/DSCI2584-150x150.jpg\" class=\"attachment-thumbnail size-thumbnail\" alt=\"\" aria-describedby=\"gallery-1-322\" \/><\/a>\n\t\t\t<\/div>\n\t\t\t\t<figcaption class='wp-caption-text gallery-caption' id='gallery-1-322'>\n\t\t\t\tVerteidigung\n\t\t\t\t<\/figcaption><\/figure><figure class='gallery-item'>\n\t\t\t<div class='gallery-icon portrait'>\n\t\t\t\t<a href='https:\/\/wir-sind-zeltlager.de\/?attachment_id=323'><img loading=\"lazy\" decoding=\"async\" width=\"150\" height=\"150\" src=\"https:\/\/wir-sind-zeltlager.de\/wp-content\/uploads\/2012\/09\/DSCI2777-150x150.jpg\" class=\"attachment-thumbnail size-thumbnail\" alt=\"\" aria-describedby=\"gallery-1-323\" \/><\/a>\n\t\t\t<\/div>\n\t\t\t\t<figcaption class='wp-caption-text gallery-caption' id='gallery-1-323'>\n\t\t\t\tDie Basis\n\t\t\t\t<\/figcaption><\/figure><figure class='gallery-item'>\n\t\t\t<div class='gallery-icon landscape'>\n\t\t\t\t<a href='https:\/\/wir-sind-zeltlager.de\/?attachment_id=324'><img loading=\"lazy\" decoding=\"async\" width=\"150\" height=\"150\" src=\"https:\/\/wir-sind-zeltlager.de\/wp-content\/uploads\/2012\/09\/DSCI2796-150x150.jpg\" class=\"attachment-thumbnail size-thumbnail\" alt=\"\" aria-describedby=\"gallery-1-324\" \/><\/a>\n\t\t\t<\/div>\n\t\t\t\t<figcaption class='wp-caption-text gallery-caption' id='gallery-1-324'>\n\t\t\t\tvorsichtiges Auskundschaften\n\t\t\t\t<\/figcaption><\/figure><figure class='gallery-item'>\n\t\t\t<div class='gallery-icon landscape'>\n\t\t\t\t<a href='https:\/\/wir-sind-zeltlager.de\/?attachment_id=325'><img loading=\"lazy\" decoding=\"async\" width=\"150\" height=\"150\" src=\"https:\/\/wir-sind-zeltlager.de\/wp-content\/uploads\/2012\/09\/DSCI2797-150x150.jpg\" class=\"attachment-thumbnail size-thumbnail\" alt=\"\" \/><\/a>\n\t\t\t<\/div><\/figure><figure class='gallery-item'>\n\t\t\t<div class='gallery-icon portrait'>\n\t\t\t\t<a href='https:\/\/wir-sind-zeltlager.de\/?attachment_id=326'><img loading=\"lazy\" decoding=\"async\" width=\"150\" height=\"150\" src=\"https:\/\/wir-sind-zeltlager.de\/wp-content\/uploads\/2012\/09\/IMG_3106-150x150.jpg\" class=\"attachment-thumbnail size-thumbnail\" alt=\"\" aria-describedby=\"gallery-1-326\" \/><\/a>\n\t\t\t<\/div>\n\t\t\t\t<figcaption class='wp-caption-text gallery-caption' id='gallery-1-326'>\n\t\t\t\timmer in Bewegung\n\t\t\t\t<\/figcaption><\/figure><figure class='gallery-item'>\n\t\t\t<div class='gallery-icon portrait'>\n\t\t\t\t<a href='https:\/\/wir-sind-zeltlager.de\/?attachment_id=327'><img loading=\"lazy\" decoding=\"async\" width=\"150\" height=\"150\" src=\"https:\/\/wir-sind-zeltlager.de\/wp-content\/uploads\/2012\/09\/IMG_3109-150x150.jpg\" class=\"attachment-thumbnail size-thumbnail\" alt=\"\" \/><\/a>\n\t\t\t<\/div><\/figure><figure class='gallery-item'>\n\t\t\t<div class='gallery-icon landscape'>\n\t\t\t\t<a href='https:\/\/wir-sind-zeltlager.de\/?attachment_id=328'><img loading=\"lazy\" decoding=\"async\" width=\"150\" height=\"150\" src=\"https:\/\/wir-sind-zeltlager.de\/wp-content\/uploads\/2012\/09\/IMG_3216-150x150.jpg\" class=\"attachment-thumbnail size-thumbnail\" alt=\"\" \/><\/a>\n\t\t\t<\/div><\/figure>\n\t\t<\/div>\n<\/p>\n","protected":false},"excerpt":{"rendered":"<p>Motivation f\u00fcr das Spiel war es, eine Variante von Capture The Flag mit mehr als zwei Mannschaften zu gestalten, da diese bei etwa 40 Teilnehmern sonst zu gro\u00df w\u00fcrden. Capture The Bauklotz kann prinzipiell mit beliebig vielen Teams gespielt werden, wobei sich das Abstecken des Spielfeldes bei mehr als vier Mannschaften als schwierig herausstellt. Es muss ein Gebiet von etwa der Gr\u00f6\u00dfe eines Fu\u00dfballfeldes in gleichgro\u00dfe Teile entsprechend der Anzahl der Mannschaften aufgeteilt werden. Ein Wald ohne zu viel Unterholz ist hier die erste Wahl. Die Teilst\u00fccke nach der Unterteilung sollten dabei etwa gleich beschaffen sein, um keiner Mannschaft unfaire Vorteile zu gew\u00e4hren. Als Markierung f\u00fcr die Grenze zwischen den Gebieten kann man zum Beispiel einzelnen B\u00e4ume mit Flatterband markieren. Innerhalb eines Teilst\u00fccks \u2013 in der \u00e4u\u00dferen Ecke \u2013 befindet sich die Basis der jeweiligen Mannschaft. F\u00fcr diese wird ein Kreis mit einem Radius von zwei bis drei Metern mit S\u00e4gesp\u00e4nen markiert. In in diesen Kreis wird ein beliebiger Beh\u00e4lter mit zehn Baukl\u00f6tzen oder etwas \u00e4hnlichem gestellt. Ziel der anderen Mannschaften ist es nun, in den gekennzeichneten Kreis zu gelangen ohne vorher von der verteidigenden Mannschaft abgeschlagen zu werden. Die Verteidiger d\u00fcrfen ihren eigenen Kreis dabei nicht betreten oder durchqueren.<\/p>\n","protected":false},"author":2,"featured_media":0,"parent":31,"menu_order":0,"comment_status":"open","ping_status":"closed","template":"","meta":{"footnotes":""},"class_list":["post-33","page","type-page","status-publish","hentry"],"_links":{"self":[{"href":"https:\/\/wir-sind-zeltlager.de\/index.php?rest_route=\/wp\/v2\/pages\/33","targetHints":{"allow":["GET"]}}],"collection":[{"href":"https:\/\/wir-sind-zeltlager.de\/index.php?rest_route=\/wp\/v2\/pages"}],"about":[{"href":"https:\/\/wir-sind-zeltlager.de\/index.php?rest_route=\/wp\/v2\/types\/page"}],"author":[{"embeddable":true,"href":"https:\/\/wir-sind-zeltlager.de\/index.php?rest_route=\/wp\/v2\/users\/2"}],"replies":[{"embeddable":true,"href":"https:\/\/wir-sind-zeltlager.de\/index.php?rest_route=%2Fwp%2Fv2%2Fcomments&post=33"}],"version-history":[{"count":3,"href":"https:\/\/wir-sind-zeltlager.de\/index.php?rest_route=\/wp\/v2\/pages\/33\/revisions"}],"predecessor-version":[{"id":329,"href":"https:\/\/wir-sind-zeltlager.de\/index.php?rest_route=\/wp\/v2\/pages\/33\/revisions\/329"}],"up":[{"embeddable":true,"href":"https:\/\/wir-sind-zeltlager.de\/index.php?rest_route=\/wp\/v2\/pages\/31"}],"wp:attachment":[{"href":"https:\/\/wir-sind-zeltlager.de\/index.php?rest_route=%2Fwp%2Fv2%2Fmedia&parent=33"}],"curies":[{"name":"wp","href":"https:\/\/api.w.org\/{rel}","templated":true}]}}