{"id":286,"date":"2013-01-11T10:33:03","date_gmt":"2013-01-11T10:33:03","guid":{"rendered":"http:\/\/wir-sind-zeltlager.de\/?page_id=286"},"modified":"2014-03-08T10:07:27","modified_gmt":"2014-03-08T10:07:27","slug":"ferien-im-mittelalter-zeltlager-2001","status":"publish","type":"page","link":"https:\/\/wir-sind-zeltlager.de\/?page_id=286","title":{"rendered":"Ferien im Mittelalter &#8211; Zeltlager 2001"},"content":{"rendered":"<p>In diesem Jahr sind wir nach Fornbach, ein kleines Dorf in der Na\u0308he von Coburg, gefahren. Das Zeltlager dauerte vom 8. bis 15 August. Insgesamt waren wir mit 42 Kindern, 9 jugendlichen Leitern, 4 Kochfrauen und dem Pastor unterwegs. Die Jungen schliefen in Zelten und die M\u00e4dchen hatten das Gl\u00fcck und durften im Haus schlafen. Im Haus war eine gro\u00dfe K\u00fcche, die zwei Schlafr\u00e4ume f\u00fcr die M\u00e4dchen und ein gro\u00dfer Saal, in denen wir immer gegessen und andere Aktivit\u00e4ten gemacht haben.<br \/>\nDas Thema in diesem Jahr lautete &#8222;Mittelalter&#8220; mit allem, was dazu geh\u00f6rte. Wir Leiter hatten immer Aktivit\u00e4ten f\u00fcr die Kinder vorbereitet. Eine gro\u00dfe Attraktion f\u00fcr die Kinder war wie immer das Bergfest, als sich alle als Bau\u00adern, Gaukler, H\u00e4ndler, Hofdamen, Ritter und auch als Geistliche verkleideten. Wir hatten sogar den Papst zu Besuch. Aber auch der Freizeitpark &#8222;Geiselwind&#8220; hat vielen Spa\u00df bereitet. In Coburg waren wir zu Besuch auf einer echten Rit\u00adterburg. Auch die Nachtwanderung war ein H\u00f6hepunkt im Zeltlager. Elisa\u00adbeth und der schreckliche Bauer brachten alle zum Gruseln. Au\u00dferdem ist in diesem Jahr, Gott sei Dank, keiner krank geworden. Das K\u00fcchenteam unter\u00adst\u00fctze uns in allen Aufgaben. Ich glaube, wir freuen uns alle auf das n\u00e4chste Zeltlager.<\/p>\n<p style=\"text-align: right;\">Anna Weise-Emden<\/p>\n<p><img decoding=\"async\" class=\"ngg_displayed_gallery mceItem\" alt=\"\" src=\"https:\/\/wir-sind-zeltlager.de\/index.php\/nextgen-attach_to_post\/preview\/id--553\" \/><\/p>\n","protected":false},"excerpt":{"rendered":"<p>In diesem Jahr sind wir nach Fornbach, ein kleines Dorf in der Na\u0308he von Coburg, gefahren. Das Zeltlager dauerte vom 8. bis 15 August. Insgesamt waren wir mit 42 Kindern, 9 jugendlichen Leitern, 4 Kochfrauen und dem Pastor unterwegs. Die Jungen schliefen in Zelten und die M\u00e4dchen hatten das Gl\u00fcck und durften im Haus schlafen. Im Haus war eine gro\u00dfe K\u00fcche, die zwei Schlafr\u00e4ume f\u00fcr die M\u00e4dchen und ein gro\u00dfer Saal, in denen wir immer gegessen und andere Aktivit\u00e4ten gemacht haben. Das Thema in diesem Jahr lautete &#8222;Mittelalter&#8220; mit allem, was dazu geh\u00f6rte. Wir Leiter hatten immer Aktivit\u00e4ten f\u00fcr die Kinder vorbereitet. Eine gro\u00dfe Attraktion f\u00fcr die Kinder war wie immer das Bergfest, als sich alle als Bau\u00adern, Gaukler, H\u00e4ndler, Hofdamen, Ritter und auch als Geistliche verkleideten. Wir hatten sogar den Papst zu Besuch. Aber auch der Freizeitpark &#8222;Geiselwind&#8220; hat vielen Spa\u00df bereitet. In Coburg waren wir zu Besuch auf einer echten Rit\u00adterburg. Auch die Nachtwanderung war ein H\u00f6hepunkt im Zeltlager. Elisa\u00adbeth und der schreckliche Bauer brachten alle zum Gruseln. Au\u00dferdem ist in diesem Jahr, Gott sei Dank, keiner krank geworden. Das K\u00fcchenteam unter\u00adst\u00fctze uns in allen Aufgaben. Ich glaube, wir freuen uns alle auf das n\u00e4chste Zeltlager. Anna Weise-Emden<\/p>\n","protected":false},"author":2,"featured_media":0,"parent":51,"menu_order":4,"comment_status":"open","ping_status":"closed","template":"","meta":{"footnotes":""},"class_list":["post-286","page","type-page","status-publish","hentry"],"_links":{"self":[{"href":"https:\/\/wir-sind-zeltlager.de\/index.php?rest_route=\/wp\/v2\/pages\/286","targetHints":{"allow":["GET"]}}],"collection":[{"href":"https:\/\/wir-sind-zeltlager.de\/index.php?rest_route=\/wp\/v2\/pages"}],"about":[{"href":"https:\/\/wir-sind-zeltlager.de\/index.php?rest_route=\/wp\/v2\/types\/page"}],"author":[{"embeddable":true,"href":"https:\/\/wir-sind-zeltlager.de\/index.php?rest_route=\/wp\/v2\/users\/2"}],"replies":[{"embeddable":true,"href":"https:\/\/wir-sind-zeltlager.de\/index.php?rest_route=%2Fwp%2Fv2%2Fcomments&post=286"}],"version-history":[{"count":3,"href":"https:\/\/wir-sind-zeltlager.de\/index.php?rest_route=\/wp\/v2\/pages\/286\/revisions"}],"predecessor-version":[{"id":670,"href":"https:\/\/wir-sind-zeltlager.de\/index.php?rest_route=\/wp\/v2\/pages\/286\/revisions\/670"}],"up":[{"embeddable":true,"href":"https:\/\/wir-sind-zeltlager.de\/index.php?rest_route=\/wp\/v2\/pages\/51"}],"wp:attachment":[{"href":"https:\/\/wir-sind-zeltlager.de\/index.php?rest_route=%2Fwp%2Fv2%2Fmedia&parent=286"}],"curies":[{"name":"wp","href":"https:\/\/api.w.org\/{rel}","templated":true}]}}