{"id":173,"date":"2012-09-23T08:15:00","date_gmt":"2012-09-23T08:15:00","guid":{"rendered":"http:\/\/wir-sind-zeltlager.de\/?page_id=173"},"modified":"2013-01-11T10:39:14","modified_gmt":"2013-01-11T10:39:14","slug":"land-gesichtet-anker-gelichtet-gestrandet-im-kuhlen-tal","status":"publish","type":"page","link":"https:\/\/wir-sind-zeltlager.de\/?page_id=173","title":{"rendered":"Land gesichtet, Anker gelichtet, gestrandet im K\u00fchlen Tal!"},"content":{"rendered":"<p>Unter diesem Thema wurde das diesj\u00e4hrige Zeltlager der Pfarrgemeine P\u00f6mbsen f\u00fcr 11 Tage in Friedrichroda aufgeschlagen.<br \/>\nGemeinsam eroberten wir das Th\u00fcringer Land. Wir machten uns auf, erkundeten die W\u00e4lder und bestritten spannende Abenteuer. Vor uns blieb nichts sicher. Das Schwimmbad wurde im Sturm erobert und Rutschen und Co wurden erklommen. Zusammen mit unserem eint\u00e4gigen Besuch, von rund 30 Kindern und Jugendlichen aus Tschernobyl, st\u00fcrzten wir uns in eine Welt voller Action und Spannung. Langeweile? So etwas gab es bei uns nicht. T\u00e4glich wurden aufregende Spiele im Wald, am Bach, oder einfach auf dem Zeltplatz gespielt.<br \/>\nZum \u201e\u00dcberleben\u201c brauchten wir nicht viel. Unsere Kochfrauen sorgten jeden Tag f\u00fcr eine leckere Henkersmahlzeit und als Schlafplatz dienten unsere Zelte. Das abendliche Musizieren und die Seemannsges\u00e4nge am Lagerfeuer hielten uns warm.<br \/>\nHast auch Du Lust auf 11 Tage ohne Eltern? Auf Haufenweise Spiel und Spa\u00df? Auf neue Freunde kennenlernen? Dann nimm Dir vom 6. bis zum 16. August 2013 nichts vor und mach Dich mit uns auf die Reise nach Braunshausen ins Sauerland!<\/p>\n<p style=\"text-align: right;\">Julia Scholtis<\/p>\n","protected":false},"excerpt":{"rendered":"<p>Unter diesem Thema wurde das diesj\u00e4hrige Zeltlager der Pfarrgemeine P\u00f6mbsen f\u00fcr 11 Tage in Friedrichroda aufgeschlagen. Gemeinsam eroberten wir das Th\u00fcringer Land. Wir machten uns auf, erkundeten die W\u00e4lder und bestritten spannende Abenteuer. Vor uns blieb nichts sicher. Das Schwimmbad wurde im Sturm erobert und Rutschen und Co wurden erklommen. Zusammen mit unserem eint\u00e4gigen Besuch, von rund 30 Kindern und Jugendlichen aus Tschernobyl, st\u00fcrzten wir uns in eine Welt voller Action und Spannung. Langeweile? So etwas gab es bei uns nicht. T\u00e4glich wurden aufregende Spiele im Wald, am Bach, oder einfach auf dem Zeltplatz gespielt. Zum \u201e\u00dcberleben\u201c brauchten wir nicht viel. Unsere Kochfrauen sorgten jeden Tag f\u00fcr eine leckere Henkersmahlzeit und als Schlafplatz dienten unsere Zelte. Das abendliche Musizieren und die Seemannsges\u00e4nge am Lagerfeuer hielten uns warm. Hast auch Du Lust auf 11 Tage ohne Eltern? Auf Haufenweise Spiel und Spa\u00df? Auf neue Freunde kennenlernen? Dann nimm Dir vom 6. bis zum 16. August 2013 nichts vor und mach Dich mit uns auf die Reise nach Braunshausen ins Sauerland! Julia Scholtis<\/p>\n","protected":false},"author":2,"featured_media":0,"parent":51,"menu_order":15,"comment_status":"open","ping_status":"closed","template":"","meta":{"footnotes":""},"class_list":["post-173","page","type-page","status-publish","hentry"],"_links":{"self":[{"href":"https:\/\/wir-sind-zeltlager.de\/index.php?rest_route=\/wp\/v2\/pages\/173","targetHints":{"allow":["GET"]}}],"collection":[{"href":"https:\/\/wir-sind-zeltlager.de\/index.php?rest_route=\/wp\/v2\/pages"}],"about":[{"href":"https:\/\/wir-sind-zeltlager.de\/index.php?rest_route=\/wp\/v2\/types\/page"}],"author":[{"embeddable":true,"href":"https:\/\/wir-sind-zeltlager.de\/index.php?rest_route=\/wp\/v2\/users\/2"}],"replies":[{"embeddable":true,"href":"https:\/\/wir-sind-zeltlager.de\/index.php?rest_route=%2Fwp%2Fv2%2Fcomments&post=173"}],"version-history":[{"count":7,"href":"https:\/\/wir-sind-zeltlager.de\/index.php?rest_route=\/wp\/v2\/pages\/173\/revisions"}],"predecessor-version":[{"id":292,"href":"https:\/\/wir-sind-zeltlager.de\/index.php?rest_route=\/wp\/v2\/pages\/173\/revisions\/292"}],"up":[{"embeddable":true,"href":"https:\/\/wir-sind-zeltlager.de\/index.php?rest_route=\/wp\/v2\/pages\/51"}],"wp:attachment":[{"href":"https:\/\/wir-sind-zeltlager.de\/index.php?rest_route=%2Fwp%2Fv2%2Fmedia&parent=173"}],"curies":[{"name":"wp","href":"https:\/\/api.w.org\/{rel}","templated":true}]}}