{"id":1642,"date":"2024-08-22T22:21:23","date_gmt":"2024-08-22T20:21:23","guid":{"rendered":"https:\/\/wir-sind-zeltlager.de\/?page_id=1642"},"modified":"2024-08-22T22:21:23","modified_gmt":"2024-08-22T20:21:23","slug":"30-mondfahrer-erfolgreich-wieder-gelandet","status":"publish","type":"page","link":"https:\/\/wir-sind-zeltlager.de\/?page_id=1642","title":{"rendered":"30 Mondfahrer erfolgreich wieder gelandet"},"content":{"rendered":"\n<p>Vom 03. bis zum 13. August veranstaltete die Pfarrgemeinde Mari\u00e4 Himmelfahrt P\u00f6mbsen ihr allj\u00e4hrliches Zeltlager. Getreu dem Lagermotto \u201eWeltraum &#8211; bis zum Mond und zur\u00fcck\u201c haben die 21 Astronauten mit ihren Missionsleitern und K\u00fcchenteam den nahen und fernen Weltraum erkundet. Das Mondfahrtzentrum wurde im \u00d6rtchen Meinkenbracht nahe bei Sundern aufgeschlagen. Von dort aus wurden spannende Schatzsuchen und Wanderung gestartet. Auch die umgebenden W\u00e4lder wurden bei Gel\u00e4ndespielen strategischer oder sportlicher Art unsicher gemacht. Dabei retteten die jungen Astronautinnen und Astronauten eine Weltraumission in letzter Minute und auch der Wettlauf zum Neptun war an Spannung nicht zu \u00fcberbieten. Als H\u00f6hepunkt gab es bei gutem Wetter eine Abk\u00fchlung im Esselbad der Stadt Eslohe. Entgegen den landl\u00e4ufigen Erwartungen von Astronautennahrung konnte das K\u00fcchenteam jeden Tag leckere Men\u00fcs f\u00fcr die Crew auf den Tisch zaubern. Die Abende wurden mit Spiel, Spa\u00df und vielen Marshmallows am Lagerfeuer verbracht. Nachdem das diesj\u00e4hrige Lagerlied und viele andere Lieder durch die unendlichen Weiten geschallt sind, hat die Nachtwache die leuchtenden Sterne und die beeindruckenden Sternschnuppen am Himmel und der Lagerfahne bestaunt.<\/p>\n\n\n\n<p>F\u00fcr alle Teilnehmer und Eltern findet am Sonntag, den 27.10.2024 um 15 Uhr der Fotonachmittag im Pfarrheim P\u00f6mbsen statt. Dazu sind auch alle Interessierten eingeladen, die gerne einen Einblick in das Lagerleben als Kinder oder Begleiter haben m\u00f6chten.<\/p>\n\n\n\n<p>Zeltlager 2024 &#8211; Over and out<\/p>\n\n\n\n<p><\/p>\n","protected":false},"excerpt":{"rendered":"<p>Vom 03. bis zum 13. August veranstaltete die Pfarrgemeinde Mari\u00e4 Himmelfahrt P\u00f6mbsen ihr allj\u00e4hrliches Zeltlager. Getreu dem Lagermotto \u201eWeltraum &#8211; bis zum Mond und zur\u00fcck\u201c haben die 21 Astronauten mit ihren Missionsleitern und K\u00fcchenteam den nahen und fernen Weltraum erkundet. Das Mondfahrtzentrum wurde im \u00d6rtchen Meinkenbracht nahe bei Sundern aufgeschlagen. Von dort aus wurden spannende Schatzsuchen und Wanderung gestartet. Auch die umgebenden W\u00e4lder wurden bei Gel\u00e4ndespielen strategischer oder sportlicher Art unsicher gemacht. Dabei retteten die jungen Astronautinnen und Astronauten eine Weltraumission in letzter Minute und auch der Wettlauf zum Neptun war an Spannung nicht zu \u00fcberbieten. Als H\u00f6hepunkt gab es bei gutem Wetter eine Abk\u00fchlung im Esselbad der Stadt Eslohe. Entgegen den landl\u00e4ufigen Erwartungen von Astronautennahrung konnte das K\u00fcchenteam jeden Tag leckere Men\u00fcs f\u00fcr die Crew auf den Tisch zaubern. Die Abende wurden mit Spiel, Spa\u00df und vielen Marshmallows am Lagerfeuer verbracht. Nachdem das diesj\u00e4hrige Lagerlied und viele andere Lieder durch die unendlichen Weiten geschallt sind, hat die Nachtwache die leuchtenden Sterne und die beeindruckenden Sternschnuppen am Himmel und der Lagerfahne bestaunt. F\u00fcr alle Teilnehmer und Eltern findet am Sonntag, den 27.10.2024 um 15 Uhr der Fotonachmittag im Pfarrheim P\u00f6mbsen statt. Dazu sind auch alle Interessierten eingeladen, die gerne einen<\/p>\n","protected":false},"author":2,"featured_media":0,"parent":51,"menu_order":0,"comment_status":"closed","ping_status":"closed","template":"","meta":{"footnotes":""},"class_list":["post-1642","page","type-page","status-publish","hentry"],"_links":{"self":[{"href":"https:\/\/wir-sind-zeltlager.de\/index.php?rest_route=\/wp\/v2\/pages\/1642","targetHints":{"allow":["GET"]}}],"collection":[{"href":"https:\/\/wir-sind-zeltlager.de\/index.php?rest_route=\/wp\/v2\/pages"}],"about":[{"href":"https:\/\/wir-sind-zeltlager.de\/index.php?rest_route=\/wp\/v2\/types\/page"}],"author":[{"embeddable":true,"href":"https:\/\/wir-sind-zeltlager.de\/index.php?rest_route=\/wp\/v2\/users\/2"}],"replies":[{"embeddable":true,"href":"https:\/\/wir-sind-zeltlager.de\/index.php?rest_route=%2Fwp%2Fv2%2Fcomments&post=1642"}],"version-history":[{"count":1,"href":"https:\/\/wir-sind-zeltlager.de\/index.php?rest_route=\/wp\/v2\/pages\/1642\/revisions"}],"predecessor-version":[{"id":1643,"href":"https:\/\/wir-sind-zeltlager.de\/index.php?rest_route=\/wp\/v2\/pages\/1642\/revisions\/1643"}],"up":[{"embeddable":true,"href":"https:\/\/wir-sind-zeltlager.de\/index.php?rest_route=\/wp\/v2\/pages\/51"}],"wp:attachment":[{"href":"https:\/\/wir-sind-zeltlager.de\/index.php?rest_route=%2Fwp%2Fv2%2Fmedia&parent=1642"}],"curies":[{"name":"wp","href":"https:\/\/api.w.org\/{rel}","templated":true}]}}