{"id":135,"date":"2012-09-17T12:25:46","date_gmt":"2012-09-17T12:25:46","guid":{"rendered":"http:\/\/wir-sind-zeltlager.de\/?page_id=135"},"modified":"2024-06-26T22:14:31","modified_gmt":"2024-06-26T20:14:31","slug":"nachts-war-krach-in-meinkenbracht","status":"publish","type":"page","link":"https:\/\/wir-sind-zeltlager.de\/?page_id=135","title":{"rendered":"Nachts war Krach in Meinkenbracht"},"content":{"rendered":"<p>Eine m\u00e4rchenhafte Zeit verbrachten die 41 Kinder der diesj\u00e4hrigen Ferienfreizeit im sauerl\u00e4ndischen Meinkenbracht bei Sundern. Neun Tage lang gingen sie unter der Leitung von Johannes Sch\u00e4fers M\u00e4rchen, Fabeln und Sagen auf den Grund, sei es durch abenteuerliche Spiele in den nahe gelegenen W\u00e4ldern oder durch v\u00f6llig unvorbereitetes, improvisiertes Nachspielen bekannter Mythen. Weder hartn\u00e4ckiger Regen noch pralle Hitze und Sonnenschein konnten der guten Laune des Zeltlagers etwas anhaben. Doch auch dieses Jahr hab es wieder nennenswerte H\u00f6hepunkte. Zuerst zu nennen w\u00e4re da die nicht ganz unerwartete Nachtwanderung in Form einer spontanen Rettungsaktion: Ein paar Leiter waren auf dem Weg zum Holzholen im Wald mit dem Auto stecken geblieben und warteten auf Hilfe aus dem Lager. Der Rettungsmannschaft trotzte allen Hindernissen des Weges und schlug sich heldenhaft durch den dunklen Wald bis zur Ungl\u00fccksstelle durch. Zeugen von heldenhaften Taten wurden die Kinder auch bei der Besichtigung der Karl-May-Festspiele in Elspe, wo sie einen ganzen Tag verbrachten. Wir machen tatkr\u00e4ftig auf unsere Anwesenheit aufmerksam, indem wir unz\u00e4hlige Male das neu gedichtete Lagerlied sangen.<\/p>\n<p>Im Lager selbst verbrachten wir sch\u00f6ne Stunden. Drei Gottesdienste wurden in der Zeit gefeiert und wie jedes Jahr sorgten unsere Kochfrauen mit zauberhaften Gerichten f\u00fcr unser leibliches Wohl. Bei der abendlichen Lagerrunde mit Spiele, Liedern und Gebeten kamen wir alle noch mal zur Ruhe. Doch der Tag war meinst noch lange nicht zu Ende, wenn es gegen zehn Uhr hie\u00df: &#8222;Wir w\u00fcnschen uns allen eine gute NACHT!&#8220;<\/p>\n<p style=\"text-align: right;\">Anika L\u00fcbeck<\/p>\n","protected":false},"excerpt":{"rendered":"<p>Eine m\u00e4rchenhafte Zeit verbrachten die 41 Kinder der diesj\u00e4hrigen Ferienfreizeit im sauerl\u00e4ndischen Meinkenbracht bei Sundern. Neun Tage lang gingen sie unter der Leitung von Johannes Sch\u00e4fers M\u00e4rchen, Fabeln und Sagen auf den Grund, sei es durch abenteuerliche Spiele in den nahe gelegenen W\u00e4ldern oder durch v\u00f6llig unvorbereitetes, improvisiertes Nachspielen bekannter Mythen. Weder hartn\u00e4ckiger Regen noch pralle Hitze und Sonnenschein konnten der guten Laune des Zeltlagers etwas anhaben. Doch auch dieses Jahr hab es wieder nennenswerte H\u00f6hepunkte. Zuerst zu nennen w\u00e4re da die nicht ganz unerwartete Nachtwanderung in Form einer spontanen Rettungsaktion: Ein paar Leiter waren auf dem Weg zum Holzholen im Wald mit dem Auto stecken geblieben und warteten auf Hilfe aus dem Lager. Der Rettungsmannschaft trotzte allen Hindernissen des Weges und schlug sich heldenhaft durch den dunklen Wald bis zur Ungl\u00fccksstelle durch. Zeugen von heldenhaften Taten wurden die Kinder auch bei der Besichtigung der Karl-May-Festspiele in Elspe, wo sie einen ganzen Tag verbrachten. Wir machen tatkr\u00e4ftig auf unsere Anwesenheit aufmerksam, indem wir unz\u00e4hlige Male das neu gedichtete Lagerlied sangen. Im Lager selbst verbrachten wir sch\u00f6ne Stunden. Drei Gottesdienste wurden in der Zeit gefeiert und wie jedes Jahr sorgten unsere Kochfrauen mit zauberhaften Gerichten f\u00fcr unser leibliches Wohl. Bei der<\/p>\n","protected":false},"author":2,"featured_media":0,"parent":51,"menu_order":8,"comment_status":"open","ping_status":"closed","template":"","meta":{"footnotes":""},"class_list":["post-135","page","type-page","status-publish","hentry"],"_links":{"self":[{"href":"https:\/\/wir-sind-zeltlager.de\/index.php?rest_route=\/wp\/v2\/pages\/135","targetHints":{"allow":["GET"]}}],"collection":[{"href":"https:\/\/wir-sind-zeltlager.de\/index.php?rest_route=\/wp\/v2\/pages"}],"about":[{"href":"https:\/\/wir-sind-zeltlager.de\/index.php?rest_route=\/wp\/v2\/types\/page"}],"author":[{"embeddable":true,"href":"https:\/\/wir-sind-zeltlager.de\/index.php?rest_route=\/wp\/v2\/users\/2"}],"replies":[{"embeddable":true,"href":"https:\/\/wir-sind-zeltlager.de\/index.php?rest_route=%2Fwp%2Fv2%2Fcomments&post=135"}],"version-history":[{"count":3,"href":"https:\/\/wir-sind-zeltlager.de\/index.php?rest_route=\/wp\/v2\/pages\/135\/revisions"}],"predecessor-version":[{"id":1610,"href":"https:\/\/wir-sind-zeltlager.de\/index.php?rest_route=\/wp\/v2\/pages\/135\/revisions\/1610"}],"up":[{"embeddable":true,"href":"https:\/\/wir-sind-zeltlager.de\/index.php?rest_route=\/wp\/v2\/pages\/51"}],"wp:attachment":[{"href":"https:\/\/wir-sind-zeltlager.de\/index.php?rest_route=%2Fwp%2Fv2%2Fmedia&parent=135"}],"curies":[{"name":"wp","href":"https:\/\/api.w.org\/{rel}","templated":true}]}}