{"id":126,"date":"2012-09-17T10:53:25","date_gmt":"2012-09-17T10:53:25","guid":{"rendered":"http:\/\/wir-sind-zeltlager.de\/?page_id=126"},"modified":"2014-03-08T10:05:17","modified_gmt":"2014-03-08T10:05:17","slug":"zeltlager-niederheckenbach-2003","status":"publish","type":"page","link":"https:\/\/wir-sind-zeltlager.de\/?page_id=126","title":{"rendered":"Zeltlager Niederheckenbach 2003"},"content":{"rendered":"<p>Auch in diesem Jahr ging es wieder f\u00fcr die Kinder unserer Gemeinde uns Zeltlager. Dieses Mal verschlug es uns in ein wirklich abgelegenes Gebiet, und zwar in den &#8222;Ort&#8220; Niederheckenbach, verkehrsg\u00fcnstig gelegen und einfach \u00fcber gut ausgebaute Feldwege zu erreichen. Wir Leiter und die Kochfrauen (Kochen die Putzfrauen auch?) fuhren schon sonntags ins Lager um den Zeltplatz entsprechend vorzubereiten, Zelte aufzubauen, die Gegend zu erkunden und so weiter. Leider konnten wir am Sonntagabend nicht wie in 2002 zum Sch\u00fctzenfest ins n\u00e4chste Dorf fahren, daf\u00fcr verbrachten wir den kinderfreien Abend in trauter Runde im Leiterzimmer.<\/p>\n<p>Montagabend kamen dann auch zu ungewohnter Stunde unsere Kinder an, die Fahrt hat dann doch wohl etwas l\u00e4nger gedauert. Nachdem sich die Gruppen und Gruppenleiter dann zusammengefunden und sich in ihren Zelten h\u00e4uslich eingerichtet hatten (Die gro\u00dfe M\u00e4dchengruppe wollte angeblich einen Innenausstatter bestellen&#8230;), gab es abends auch schon die erste Lagerrunde mit Spielen und Gesang, der wie jeden Abend den Tag gut abrundete. Nat\u00fcrlich waren wir nicht in irgendeinem Zeltlager, nein, wir machen &#8222;Ferien Im Gallischen Dorf&#8220;. Folglich durfte sich jede Gruppe am folgenden Morgen einen Stammesnamen aussuchen, von den &#8222;Fixen Gallixen&#8220; bis zu den &#8222;Schr\u00e4gen Hinkelsteinen&#8220; war alles dabei&#8230; Jeder legte sich f\u00fcr die Zeit des Zeltlagers auch einen Galliernamen zu, wobei ich pers\u00f6nlich meine, dass besonders die Namen der Kochfrauen auf deren Arbeitshaltung hinwies: &#8222;Bratnix&#8220;, &#8222;Kochnix&#8220;, &#8222;Gibtnix&#8220;, &#8222;Knorrfix&#8220;.<\/p>\n<p>Die Messe am Abend des ersten vollen Tages war auch wieder ein H\u00f6hepunkt, dieses Mal an komplett selbst aus Naturmaterialien angefertigtem Alter und Lagerkreuz. Weitere H\u00f6hepunkte des Zeltlagers waren unter anderem der Besuch im Phantasia-Land, das Fantasy-Spiel, die Lagerolympiade, das Freibad und nat\u00fcrlich das Bergfest, wo wir alle einem Volk aus der Zeit von Asterix und Obelix angeh\u00f6rten. Beim &#8222;Wettstreit der V\u00f6lker&#8220; standen alle V\u00f6lker miteinander im Wettstreit, aber abends beim gro\u00dfen Wildschwein-Gelage waren alle wieder vereint. Das Wetter war in diesem Jahr einfach perfekt, und aufgrund der gro\u00dfen Hitze hat sich die Investition in einen 5\u20ac-Gartenschlauch w\u00e4hrend des Zeltlagers 2002 schon fast gelohnt. Der abendlichen Wasserschlacht sollte man sich als Leiter jedoch keinesfalls n\u00e4hern, man wurde immer sofort aufs Korn genommen und dementsprechend v\u00f6llig durchn\u00e4sst.<\/p>\n<p>So weit ab von jeglicher Zivilisation gab es noch nicht einmal ein Handynetz, was zu skurrilen Erscheinungen f\u00fchrte: In der Handykiste wurden die auf einmal nutzlos gewordenen Telefone gesammelt und wenn dann jemand den weiten und kurvigen Weg zum n\u00e4chsten Einzelhandelsgesch\u00e4ft aufnahm, wurde die Kiste mitgenommen, um wenigstens SMS von daheim zu bekommen. Es war mir immer ein besonderes Vergn\u00fcgen, mit der Kiste loszufahren und mir beim Eintreten in netzversorgte Gebiete die Vielfalt an Klingelt\u00f6nen anzuh\u00f6ren.<\/p>\n<p>An negativen Aspekten des Zeltlagers k\u00f6nnte ich h\u00f6chstens den eklatanten Nutella-Mangel beklagen, der durch eine knallharte Rationierung seitens der Kochfrauen hervorgerufen wurde. Auch den vern\u00fcnftigsten Argumenten meinerseits wurde nicht nachgegeben, so dass ich und meine ganze Gruppe sich unn\u00f6tigerweise dazu gezwungen sah, auf K\u00e4se und Wurst zur\u00fcckzugreifen. Es war auch das letzte Zeltlager mit unserem weltbesten Lagerleiter Pastor Dietmar R\u00f6ttger. Doch die gute Nachricht ist: Auch im n\u00e4chsten Jahr wird es wieder ein Zeltlager geben, dieses Mal organisiert von unserem neuen Pastor Stephan Schr\u00f6der und Johannes Sch\u00e4fers. Wir sehen uns also hoffentlich n\u00e4chsten Sommer wieder, bei Lagerfeuer und Gitarrenmusik&#8230;<\/p>\n<p style=\"text-align: right;\">Reiner L\u00fcbeck<\/p>\n<p><img decoding=\"async\" class=\"ngg_displayed_gallery mceItem\" alt=\"\" src=\"https:\/\/wir-sind-zeltlager.de\/index.php\/nextgen-attach_to_post\/preview\/id--562\" \/><\/p>\n","protected":false},"excerpt":{"rendered":"<p>Auch in diesem Jahr ging es wieder f\u00fcr die Kinder unserer Gemeinde uns Zeltlager. Dieses Mal verschlug es uns in ein wirklich abgelegenes Gebiet, und zwar in den &#8222;Ort&#8220; Niederheckenbach, verkehrsg\u00fcnstig gelegen und einfach \u00fcber gut ausgebaute Feldwege zu erreichen. Wir Leiter und die Kochfrauen (Kochen die Putzfrauen auch?) fuhren schon sonntags ins Lager um den Zeltplatz entsprechend vorzubereiten, Zelte aufzubauen, die Gegend zu erkunden und so weiter. Leider konnten wir am Sonntagabend nicht wie in 2002 zum Sch\u00fctzenfest ins n\u00e4chste Dorf fahren, daf\u00fcr verbrachten wir den kinderfreien Abend in trauter Runde im Leiterzimmer. Montagabend kamen dann auch zu ungewohnter Stunde unsere Kinder an, die Fahrt hat dann doch wohl etwas l\u00e4nger gedauert. Nachdem sich die Gruppen und Gruppenleiter dann zusammengefunden und sich in ihren Zelten h\u00e4uslich eingerichtet hatten (Die gro\u00dfe M\u00e4dchengruppe wollte angeblich einen Innenausstatter bestellen&#8230;), gab es abends auch schon die erste Lagerrunde mit Spielen und Gesang, der wie jeden Abend den Tag gut abrundete. Nat\u00fcrlich waren wir nicht in irgendeinem Zeltlager, nein, wir machen &#8222;Ferien Im Gallischen Dorf&#8220;. Folglich durfte sich jede Gruppe am folgenden Morgen einen Stammesnamen aussuchen, von den &#8222;Fixen Gallixen&#8220; bis zu den &#8222;Schr\u00e4gen Hinkelsteinen&#8220; war alles dabei&#8230; Jeder legte sich f\u00fcr die Zeit<\/p>\n","protected":false},"author":2,"featured_media":0,"parent":51,"menu_order":6,"comment_status":"open","ping_status":"closed","template":"","meta":{"footnotes":""},"class_list":["post-126","page","type-page","status-publish","hentry"],"_links":{"self":[{"href":"https:\/\/wir-sind-zeltlager.de\/index.php?rest_route=\/wp\/v2\/pages\/126","targetHints":{"allow":["GET"]}}],"collection":[{"href":"https:\/\/wir-sind-zeltlager.de\/index.php?rest_route=\/wp\/v2\/pages"}],"about":[{"href":"https:\/\/wir-sind-zeltlager.de\/index.php?rest_route=\/wp\/v2\/types\/page"}],"author":[{"embeddable":true,"href":"https:\/\/wir-sind-zeltlager.de\/index.php?rest_route=\/wp\/v2\/users\/2"}],"replies":[{"embeddable":true,"href":"https:\/\/wir-sind-zeltlager.de\/index.php?rest_route=%2Fwp%2Fv2%2Fcomments&post=126"}],"version-history":[{"count":6,"href":"https:\/\/wir-sind-zeltlager.de\/index.php?rest_route=\/wp\/v2\/pages\/126\/revisions"}],"predecessor-version":[{"id":667,"href":"https:\/\/wir-sind-zeltlager.de\/index.php?rest_route=\/wp\/v2\/pages\/126\/revisions\/667"}],"up":[{"embeddable":true,"href":"https:\/\/wir-sind-zeltlager.de\/index.php?rest_route=\/wp\/v2\/pages\/51"}],"wp:attachment":[{"href":"https:\/\/wir-sind-zeltlager.de\/index.php?rest_route=%2Fwp%2Fv2%2Fmedia&parent=126"}],"curies":[{"name":"wp","href":"https:\/\/api.w.org\/{rel}","templated":true}]}}