{"id":1250,"date":"2019-01-07T18:38:11","date_gmt":"2019-01-07T17:38:11","guid":{"rendered":"http:\/\/wir-sind-zeltlager.de\/?page_id=1250"},"modified":"2019-01-07T18:38:12","modified_gmt":"2019-01-07T17:38:12","slug":"wikinger-schilde-schwerte-lange-baerte","status":"publish","type":"page","link":"https:\/\/wir-sind-zeltlager.de\/?page_id=1250","title":{"rendered":"Wikinger \u2013 Schilde, Schwerte, lange B\u00e6rte"},"content":{"rendered":"\n<p>Vom 22. Juli bis 2. August fand das diesj\u00e4hrige Zeltlager der Pfarrgemeinde P\u00f6mbsen mit Kindern aus umliegenden Ortschaften in Stemel im Sauerland statt. Gemeinsam trotzten wir als Wikinger der sengenden Hitze, den wilden Fluten der R\u00f8hr und sangen abends am Lagerfeuer unsere Wikingerlieder. <\/p>\n\n\n\n<p>Die 50 kleinen und gro\u00dfen Wikinger durchstreiften die tiefen W\u00e4lder rund um Stemel, eroberten das Rutschenparadies im Aqua Magis und f\u00fchrten Wikingerfamilien wieder zusammen. W\u00e4hrend unserer t\u00e4glichen Abenteuer wurden wir vortrefflich von unserem K\u00fcchenteam versorgt. Nach Wettkampf, Spiel, Spa\u00df und Gesang fielen wir abends ersch\u00f6pft und mit vielen Eindr\u00fccken in unsere Schlafs\u00e4cke. Nur ein paar tapfere Wikinger bewachten die Fahne im Schein des Lagerfeuers.<\/p>\n","protected":false},"excerpt":{"rendered":"<p>Vom 22. Juli bis 2. August fand das diesj\u00e4hrige Zeltlager der Pfarrgemeinde P\u00f6mbsen mit Kindern aus umliegenden Ortschaften in Stemel im Sauerland statt. Gemeinsam trotzten wir als Wikinger der sengenden Hitze, den wilden Fluten der R\u00f8hr und sangen abends am Lagerfeuer unsere Wikingerlieder. Die 50 kleinen und gro\u00dfen Wikinger durchstreiften die tiefen W\u00e4lder rund um Stemel, eroberten das Rutschenparadies im Aqua Magis und f\u00fchrten Wikingerfamilien wieder zusammen. W\u00e4hrend unserer t\u00e4glichen Abenteuer wurden wir vortrefflich von unserem K\u00fcchenteam versorgt. Nach Wettkampf, Spiel, Spa\u00df und Gesang fielen wir abends ersch\u00f6pft und mit vielen Eindr\u00fccken in unsere Schlafs\u00e4cke. Nur ein paar tapfere Wikinger bewachten die Fahne im Schein des Lagerfeuers.<\/p>\n","protected":false},"author":2,"featured_media":0,"parent":51,"menu_order":21,"comment_status":"closed","ping_status":"closed","template":"","meta":{"footnotes":""},"class_list":["post-1250","page","type-page","status-publish","hentry"],"_links":{"self":[{"href":"https:\/\/wir-sind-zeltlager.de\/index.php?rest_route=\/wp\/v2\/pages\/1250","targetHints":{"allow":["GET"]}}],"collection":[{"href":"https:\/\/wir-sind-zeltlager.de\/index.php?rest_route=\/wp\/v2\/pages"}],"about":[{"href":"https:\/\/wir-sind-zeltlager.de\/index.php?rest_route=\/wp\/v2\/types\/page"}],"author":[{"embeddable":true,"href":"https:\/\/wir-sind-zeltlager.de\/index.php?rest_route=\/wp\/v2\/users\/2"}],"replies":[{"embeddable":true,"href":"https:\/\/wir-sind-zeltlager.de\/index.php?rest_route=%2Fwp%2Fv2%2Fcomments&post=1250"}],"version-history":[{"count":2,"href":"https:\/\/wir-sind-zeltlager.de\/index.php?rest_route=\/wp\/v2\/pages\/1250\/revisions"}],"predecessor-version":[{"id":1252,"href":"https:\/\/wir-sind-zeltlager.de\/index.php?rest_route=\/wp\/v2\/pages\/1250\/revisions\/1252"}],"up":[{"embeddable":true,"href":"https:\/\/wir-sind-zeltlager.de\/index.php?rest_route=\/wp\/v2\/pages\/51"}],"wp:attachment":[{"href":"https:\/\/wir-sind-zeltlager.de\/index.php?rest_route=%2Fwp%2Fv2%2Fmedia&parent=1250"}],"curies":[{"name":"wp","href":"https:\/\/api.w.org\/{rel}","templated":true}]}}