{"id":1165,"date":"2017-09-12T18:40:01","date_gmt":"2017-09-12T16:40:01","guid":{"rendered":"http:\/\/wir-sind-zeltlager.de\/?page_id=1165"},"modified":"2017-09-12T18:40:01","modified_gmt":"2017-09-12T16:40:01","slug":"survival-schnecken-wuermer-wilde-tiere","status":"publish","type":"page","link":"https:\/\/wir-sind-zeltlager.de\/?page_id=1165","title":{"rendered":"Survival &#8211; Schnecken, W\u00fcrmer, wilde Tiere"},"content":{"rendered":"<p>Im Jahr 2017 ging unser Zeltlager mit 48 Kindern auf Survival &#8211; an 12 spa\u00dfigen Tagen ging es (nicht nur) ums \u00dcberleben in der Wildnis des Sauerl\u00e4nder Ortes Medelon.<br \/>\nWir haben gemeinsam die umliegenden W\u00e4lder erkundet, bewiesen unsere Orientierung beim Robinsontag und stellten unsere Wildwassertauglichkeit im Aqua Mundo unter Beweis. Passend zum Thema Survival wurde unser Lager mit verschiedenen Unwettern gepr\u00fcft &#8211; mit Erfolg: Weder Regen, noch Sturm oder Gewitter konnten uns die gute Laune verderben. Trotz einiger regnerischer N\u00e4chte konnten wir fast jeden Abend spielend und singend am Lagerfeuer verbringen und uns hier auch die wilden Geschichten des Survival-Zeltlageralltages erz\u00e4hlen.<\/p>\n","protected":false},"excerpt":{"rendered":"<p>Im Jahr 2017 ging unser Zeltlager mit 48 Kindern auf Survival &#8211; an 12 spa\u00dfigen Tagen ging es (nicht nur) ums \u00dcberleben in der Wildnis des Sauerl\u00e4nder Ortes Medelon. Wir haben gemeinsam die umliegenden W\u00e4lder erkundet, bewiesen unsere Orientierung beim Robinsontag und stellten unsere Wildwassertauglichkeit im Aqua Mundo unter Beweis. Passend zum Thema Survival wurde unser Lager mit verschiedenen Unwettern gepr\u00fcft &#8211; mit Erfolg: Weder Regen, noch Sturm oder Gewitter konnten uns die gute Laune verderben. Trotz einiger regnerischer N\u00e4chte konnten wir fast jeden Abend spielend und singend am Lagerfeuer verbringen und uns hier auch die wilden Geschichten des Survival-Zeltlageralltages erz\u00e4hlen.<\/p>\n","protected":false},"author":2,"featured_media":0,"parent":51,"menu_order":20,"comment_status":"closed","ping_status":"closed","template":"","meta":{"footnotes":""},"class_list":["post-1165","page","type-page","status-publish","hentry"],"_links":{"self":[{"href":"https:\/\/wir-sind-zeltlager.de\/index.php?rest_route=\/wp\/v2\/pages\/1165","targetHints":{"allow":["GET"]}}],"collection":[{"href":"https:\/\/wir-sind-zeltlager.de\/index.php?rest_route=\/wp\/v2\/pages"}],"about":[{"href":"https:\/\/wir-sind-zeltlager.de\/index.php?rest_route=\/wp\/v2\/types\/page"}],"author":[{"embeddable":true,"href":"https:\/\/wir-sind-zeltlager.de\/index.php?rest_route=\/wp\/v2\/users\/2"}],"replies":[{"embeddable":true,"href":"https:\/\/wir-sind-zeltlager.de\/index.php?rest_route=%2Fwp%2Fv2%2Fcomments&post=1165"}],"version-history":[{"count":1,"href":"https:\/\/wir-sind-zeltlager.de\/index.php?rest_route=\/wp\/v2\/pages\/1165\/revisions"}],"predecessor-version":[{"id":1166,"href":"https:\/\/wir-sind-zeltlager.de\/index.php?rest_route=\/wp\/v2\/pages\/1165\/revisions\/1166"}],"up":[{"embeddable":true,"href":"https:\/\/wir-sind-zeltlager.de\/index.php?rest_route=\/wp\/v2\/pages\/51"}],"wp:attachment":[{"href":"https:\/\/wir-sind-zeltlager.de\/index.php?rest_route=%2Fwp%2Fv2%2Fmedia&parent=1165"}],"curies":[{"name":"wp","href":"https:\/\/api.w.org\/{rel}","templated":true}]}}