{"id":114,"date":"2012-09-17T10:10:54","date_gmt":"2012-09-17T10:10:54","guid":{"rendered":"http:\/\/wir-sind-zeltlager.de\/?page_id=114"},"modified":"2014-03-08T10:05:57","modified_gmt":"2014-03-08T10:05:57","slug":"ferienfreizeit-arpe-2000-oder-wie-entsteht-eine-epidemie","status":"publish","type":"page","link":"https:\/\/wir-sind-zeltlager.de\/?page_id=114","title":{"rendered":"Ferienfreizeit Arpe 2000, oder: Wie entsteht eine Epidemie?"},"content":{"rendered":"<p>Wir sind einen Tag eher losgefahren. Alle Sachen wurden in die Halle und ihre Nebenr\u00e4ume gebracht und das Chaos war perfekt. Am Abend konnten wir die K\u00fcche erreichen ohne \u00fcber eine Gitarre zu st\u00fcrzen. Das &#8222;Aushilfspersonal&#8220; fuhr nach Hause und wir richteten uns f\u00fcr die erste Nacht ein. So gefroren habe ich noch nie. Um 5:00 Uhr haben Christina und ich einen Aufw\u00e4rmmarsch gemacht. Sp\u00e4ter war Annelie mit mir in Bad Fredeburg (die n\u00e4chste Stadt). Wo sind B\u00e4cker, Kinderarzt, Krankenhaus, Aldi und warme Socken?<\/p>\n<p>&#8222;Die Kinder kommen!&#8220;, das war nicht zu \u00fcberh\u00f6ren. Wieder hin und her r\u00e4umen, Fragen beantworten, hier und da mit anfassen, Essen machen. Nach der Abendrunde (Lagerfeuer, Spiele, Lieder und Nachtgebet) kehrte Ruhe ein (nur kurz). Ein Junge hatte sich \u00fcbergeben, zwei M\u00e4dchen war schlecht (Heimweh?). Herr R\u00f6ttger ging mit Dominik los. Eimer, Lappen, sauber machen.<\/p>\n<p>&#8222;Badetag&#8220;, es nieselte, aber Schmallenberg hat ein Wellenbad und ein sch\u00f6nes warmes Hallenbad. Die Kinder gl\u00e4nzten richtig. Sonntag waren die Fahnen weg, aber mittags wurden sie gegen Chips und Salzstangen zur\u00fcckgegeben. Wir &#8222;F\u00fcnf vom Kochtopf&#8220; hatten ein sch\u00f6nes Wochenende. Sonne, Liegestuhl und zu Allem, das veranstaltet wurde, gaben wir unseren Kommentar. Das macht Spa\u00df!<\/p>\n<p>Montag nach dem Essen im Freien regnete es ununterbrochen. Dann gab es noch einmal Grippe, einmal R\u00f6ntgen, drei dicke Beulen und ein verlorenes Kuscheltier. In der Nacht haben sich die n\u00e4chsten Drei \u00fcbergeben. Dienstag schien alles wieder in Ordnung, puh, geschafft! Denkste! Gegen Abend ging es rund. Tee kochen, Zwieback kaufen und den Arzt holen. Johannes brachte die Kinder in die Halle und Herr R\u00f6ttger s\u00e4uberte die Zelte. Wir haben Haare aus dem Gesicht gestrichen, Sachen ausgewaschen Eimer ausgeleert und getr\u00f6stet. Gegen 4:00 Uhr hat Johannes mich getr\u00f6stet, dann wurde es ruhiger. Morgen hie\u00df es &#8222;Abbruch&#8220;, also packen und nach Hause fahren (wieder r\u00e4umen).<\/p>\n<p>Trotzdem w\u00fcrde ich jederzeit wieder mit in ein Zeltlager fahren, denn es hat eine faszinierende Atmosph\u00e4re. Au\u00dferdem: &#8222;Man sollte Alles einmal mitgemacht haben, auch eine Epidemie!&#8220;<\/p>\n<p style=\"text-align: right;\">Sabine Mertens<\/p>\n<p><img decoding=\"async\" class=\"ngg_displayed_gallery mceItem\" alt=\"\" src=\"https:\/\/wir-sind-zeltlager.de\/index.php\/nextgen-attach_to_post\/preview\/id--575\" \/><\/p>\n","protected":false},"excerpt":{"rendered":"<p>Wir sind einen Tag eher losgefahren. Alle Sachen wurden in die Halle und ihre Nebenr\u00e4ume gebracht und das Chaos war perfekt. Am Abend konnten wir die K\u00fcche erreichen ohne \u00fcber eine Gitarre zu st\u00fcrzen. Das &#8222;Aushilfspersonal&#8220; fuhr nach Hause und wir richteten uns f\u00fcr die erste Nacht ein. So gefroren habe ich noch nie. Um 5:00 Uhr haben Christina und ich einen Aufw\u00e4rmmarsch gemacht. Sp\u00e4ter war Annelie mit mir in Bad Fredeburg (die n\u00e4chste Stadt). Wo sind B\u00e4cker, Kinderarzt, Krankenhaus, Aldi und warme Socken? &#8222;Die Kinder kommen!&#8220;, das war nicht zu \u00fcberh\u00f6ren. Wieder hin und her r\u00e4umen, Fragen beantworten, hier und da mit anfassen, Essen machen. Nach der Abendrunde (Lagerfeuer, Spiele, Lieder und Nachtgebet) kehrte Ruhe ein (nur kurz). Ein Junge hatte sich \u00fcbergeben, zwei M\u00e4dchen war schlecht (Heimweh?). Herr R\u00f6ttger ging mit Dominik los. Eimer, Lappen, sauber machen. &#8222;Badetag&#8220;, es nieselte, aber Schmallenberg hat ein Wellenbad und ein sch\u00f6nes warmes Hallenbad. Die Kinder gl\u00e4nzten richtig. Sonntag waren die Fahnen weg, aber mittags wurden sie gegen Chips und Salzstangen zur\u00fcckgegeben. Wir &#8222;F\u00fcnf vom Kochtopf&#8220; hatten ein sch\u00f6nes Wochenende. Sonne, Liegestuhl und zu Allem, das veranstaltet wurde, gaben wir unseren Kommentar. Das macht Spa\u00df! Montag nach dem Essen im Freien regnete<\/p>\n","protected":false},"author":2,"featured_media":0,"parent":51,"menu_order":3,"comment_status":"open","ping_status":"closed","template":"","meta":{"footnotes":""},"class_list":["post-114","page","type-page","status-publish","hentry"],"_links":{"self":[{"href":"https:\/\/wir-sind-zeltlager.de\/index.php?rest_route=\/wp\/v2\/pages\/114","targetHints":{"allow":["GET"]}}],"collection":[{"href":"https:\/\/wir-sind-zeltlager.de\/index.php?rest_route=\/wp\/v2\/pages"}],"about":[{"href":"https:\/\/wir-sind-zeltlager.de\/index.php?rest_route=\/wp\/v2\/types\/page"}],"author":[{"embeddable":true,"href":"https:\/\/wir-sind-zeltlager.de\/index.php?rest_route=\/wp\/v2\/users\/2"}],"replies":[{"embeddable":true,"href":"https:\/\/wir-sind-zeltlager.de\/index.php?rest_route=%2Fwp%2Fv2%2Fcomments&post=114"}],"version-history":[{"count":5,"href":"https:\/\/wir-sind-zeltlager.de\/index.php?rest_route=\/wp\/v2\/pages\/114\/revisions"}],"predecessor-version":[{"id":668,"href":"https:\/\/wir-sind-zeltlager.de\/index.php?rest_route=\/wp\/v2\/pages\/114\/revisions\/668"}],"up":[{"embeddable":true,"href":"https:\/\/wir-sind-zeltlager.de\/index.php?rest_route=\/wp\/v2\/pages\/51"}],"wp:attachment":[{"href":"https:\/\/wir-sind-zeltlager.de\/index.php?rest_route=%2Fwp%2Fv2%2Fmedia&parent=114"}],"curies":[{"name":"wp","href":"https:\/\/api.w.org\/{rel}","templated":true}]}}