{"id":1107,"date":"2017-03-30T22:20:21","date_gmt":"2017-03-30T20:20:21","guid":{"rendered":"http:\/\/wir-sind-zeltlager.de\/?page_id=1107"},"modified":"2017-03-30T22:21:00","modified_gmt":"2017-03-30T20:21:00","slug":"zeltreise-als-weltenbummler-unterwegs","status":"publish","type":"page","link":"https:\/\/wir-sind-zeltlager.de\/?page_id=1107","title":{"rendered":"Zeltreise &#8211; Als Weltenbummler unterwegs"},"content":{"rendered":"<p>In diesem Jahr begab sich das Ferienlager der Pfarrgemeinde P\u00f6mbsen auf gro\u00dfe Weltreise. 46 Kinder und ein 17-k\u00f6pfiges Leitungsteam reisten in 12 Tagen um die Welt. Das Abenteuer startete in Brunskappel im Sauerland. Wir ruderten nach Skandinavien und lernten dort im Gel\u00e4ndememory die winterliche Weite kennen. Mit der transsibirischen Eisenbahn bereisten wir Asien, anschlie\u00dfend ging es per Flugzeug in die USA, wo wir in die glitzernde Casino-Welt eintauchten. Durch die Karibik schipperten wir auf den Spuren von Piraten, indem wir Schiffe versenken 3.XL spielten.<br \/>\nBeim Robinson-Spiel erwiesen die Kinder und Jugendlichen ihre weltentdeckerischen F\u00e4higkeiten: In Gruppen wurden sie an einen ihnen fremden Ort gebracht. Nur mit Kompass und Wanderkarte ausgestattet, mussten die Kinder den Weg durch die Tiefen des Sauerlandes allein zur\u00fcck ins Lager finden. Jeden Reisetag beendeten wir mit einem Lagerfeuer, gemeinsamen Spielen und Gesang.<br \/>\nDas waren nur einige Ziele und Highlights des diesj\u00e4hrigen Zeltlagers. Das n\u00e4chste Zeltlager findet \u00fcbrigens vom 17.-28. Juli statt, wir fahren nach Medelon im Sauerland. Wir freuen uns auf deine Anmeldung!<\/p>\n","protected":false},"excerpt":{"rendered":"<p>In diesem Jahr begab sich das Ferienlager der Pfarrgemeinde P\u00f6mbsen auf gro\u00dfe Weltreise. 46 Kinder und ein 17-k\u00f6pfiges Leitungsteam reisten in 12 Tagen um die Welt. Das Abenteuer startete in Brunskappel im Sauerland. Wir ruderten nach Skandinavien und lernten dort im Gel\u00e4ndememory die winterliche Weite kennen. Mit der transsibirischen Eisenbahn bereisten wir Asien, anschlie\u00dfend ging es per Flugzeug in die USA, wo wir in die glitzernde Casino-Welt eintauchten. Durch die Karibik schipperten wir auf den Spuren von Piraten, indem wir Schiffe versenken 3.XL spielten. Beim Robinson-Spiel erwiesen die Kinder und Jugendlichen ihre weltentdeckerischen F\u00e4higkeiten: In Gruppen wurden sie an einen ihnen fremden Ort gebracht. Nur mit Kompass und Wanderkarte ausgestattet, mussten die Kinder den Weg durch die Tiefen des Sauerlandes allein zur\u00fcck ins Lager finden. Jeden Reisetag beendeten wir mit einem Lagerfeuer, gemeinsamen Spielen und Gesang. Das waren nur einige Ziele und Highlights des diesj\u00e4hrigen Zeltlagers. Das n\u00e4chste Zeltlager findet \u00fcbrigens vom 17.-28. Juli statt, wir fahren nach Medelon im Sauerland. Wir freuen uns auf deine Anmeldung!<\/p>\n","protected":false},"author":2,"featured_media":0,"parent":51,"menu_order":19,"comment_status":"closed","ping_status":"closed","template":"","meta":{"footnotes":""},"class_list":["post-1107","page","type-page","status-publish","hentry"],"_links":{"self":[{"href":"https:\/\/wir-sind-zeltlager.de\/index.php?rest_route=\/wp\/v2\/pages\/1107","targetHints":{"allow":["GET"]}}],"collection":[{"href":"https:\/\/wir-sind-zeltlager.de\/index.php?rest_route=\/wp\/v2\/pages"}],"about":[{"href":"https:\/\/wir-sind-zeltlager.de\/index.php?rest_route=\/wp\/v2\/types\/page"}],"author":[{"embeddable":true,"href":"https:\/\/wir-sind-zeltlager.de\/index.php?rest_route=\/wp\/v2\/users\/2"}],"replies":[{"embeddable":true,"href":"https:\/\/wir-sind-zeltlager.de\/index.php?rest_route=%2Fwp%2Fv2%2Fcomments&post=1107"}],"version-history":[{"count":1,"href":"https:\/\/wir-sind-zeltlager.de\/index.php?rest_route=\/wp\/v2\/pages\/1107\/revisions"}],"predecessor-version":[{"id":1108,"href":"https:\/\/wir-sind-zeltlager.de\/index.php?rest_route=\/wp\/v2\/pages\/1107\/revisions\/1108"}],"up":[{"embeddable":true,"href":"https:\/\/wir-sind-zeltlager.de\/index.php?rest_route=\/wp\/v2\/pages\/51"}],"wp:attachment":[{"href":"https:\/\/wir-sind-zeltlager.de\/index.php?rest_route=%2Fwp%2Fv2%2Fmedia&parent=1107"}],"curies":[{"name":"wp","href":"https:\/\/api.w.org\/{rel}","templated":true}]}}