{"id":106,"date":"2012-09-17T09:35:27","date_gmt":"2012-09-17T09:35:27","guid":{"rendered":"http:\/\/wir-sind-zeltlager.de\/?page_id=106"},"modified":"2014-03-08T10:06:52","modified_gmt":"2014-03-08T10:06:52","slug":"ferienfreizeit-im-sauerland","status":"publish","type":"page","link":"https:\/\/wir-sind-zeltlager.de\/?page_id=106","title":{"rendered":"Ferienfreizeit im Sauerland"},"content":{"rendered":"<p>&#8222;Zur\u00fcck in die Steinzeit&#8220;. Unter diesem Motto verbrachten 26 Kinder unserer Pfarrgemeinde zusammen mit Pastor R\u00f6ttger, f\u00fcnf Betreuern und drei Frauen knapp zwei Wochen der Sommerferien im Sauerland. Hinter der Sch\u00fctzenhalle in Altenilpe bei Schmallenberg wurden die Zelte aufgeschlagen. Der Platz und die Halle boten viele M\u00f6glichkeiten f\u00fcr gemeinsames Spiel und Lagerlaben. Die Unterbringung war nicht ganz aus der Steinzeit, daf\u00fcr aber Teile des Programms. Vor allem der gro\u00dfe Steinzeittag mit einer urzeitlichen Rallye testete Wissen und Geschicklichkeit aller kleinen Urmenschen. Obwohl die Tage immer feuchter und die N\u00e4chte in den Zelten immer k\u00e4lter wurden war die Stimmung und der Zusammenhalt sehr gut. Der Softball, mit dem in der Halle Fu\u00dfball gespielt wurde, war schlie\u00dflich das beliebteste Spielzeug. Ein H\u00f6hepunkt war gewiss der Besuch der Karl-May-Festspiele in Elspe, bei denen Winnetou im &#8222;Tal des Todes&#8220; f\u00fcr das Gute k\u00e4mpfte.<\/p>\n<p style=\"text-align: right;\">Dietmar R\u00f6ttger<\/p>\n<p><img decoding=\"async\" class=\"ngg_displayed_gallery mceItem\" alt=\"\" src=\"https:\/\/wir-sind-zeltlager.de\/index.php\/nextgen-attach_to_post\/preview\/id--535\" \/><\/p>\n","protected":false},"excerpt":{"rendered":"<p>&#8222;Zur\u00fcck in die Steinzeit&#8220;. Unter diesem Motto verbrachten 26 Kinder unserer Pfarrgemeinde zusammen mit Pastor R\u00f6ttger, f\u00fcnf Betreuern und drei Frauen knapp zwei Wochen der Sommerferien im Sauerland. Hinter der Sch\u00fctzenhalle in Altenilpe bei Schmallenberg wurden die Zelte aufgeschlagen. Der Platz und die Halle boten viele M\u00f6glichkeiten f\u00fcr gemeinsames Spiel und Lagerlaben. Die Unterbringung war nicht ganz aus der Steinzeit, daf\u00fcr aber Teile des Programms. Vor allem der gro\u00dfe Steinzeittag mit einer urzeitlichen Rallye testete Wissen und Geschicklichkeit aller kleinen Urmenschen. Obwohl die Tage immer feuchter und die N\u00e4chte in den Zelten immer k\u00e4lter wurden war die Stimmung und der Zusammenhalt sehr gut. Der Softball, mit dem in der Halle Fu\u00dfball gespielt wurde, war schlie\u00dflich das beliebteste Spielzeug. Ein H\u00f6hepunkt war gewiss der Besuch der Karl-May-Festspiele in Elspe, bei denen Winnetou im &#8222;Tal des Todes&#8220; f\u00fcr das Gute k\u00e4mpfte. Dietmar R\u00f6ttger<\/p>\n","protected":false},"author":2,"featured_media":0,"parent":51,"menu_order":1,"comment_status":"open","ping_status":"closed","template":"","meta":{"footnotes":""},"class_list":["post-106","page","type-page","status-publish","hentry"],"_links":{"self":[{"href":"https:\/\/wir-sind-zeltlager.de\/index.php?rest_route=\/wp\/v2\/pages\/106","targetHints":{"allow":["GET"]}}],"collection":[{"href":"https:\/\/wir-sind-zeltlager.de\/index.php?rest_route=\/wp\/v2\/pages"}],"about":[{"href":"https:\/\/wir-sind-zeltlager.de\/index.php?rest_route=\/wp\/v2\/types\/page"}],"author":[{"embeddable":true,"href":"https:\/\/wir-sind-zeltlager.de\/index.php?rest_route=\/wp\/v2\/users\/2"}],"replies":[{"embeddable":true,"href":"https:\/\/wir-sind-zeltlager.de\/index.php?rest_route=%2Fwp%2Fv2%2Fcomments&post=106"}],"version-history":[{"count":4,"href":"https:\/\/wir-sind-zeltlager.de\/index.php?rest_route=\/wp\/v2\/pages\/106\/revisions"}],"predecessor-version":[{"id":669,"href":"https:\/\/wir-sind-zeltlager.de\/index.php?rest_route=\/wp\/v2\/pages\/106\/revisions\/669"}],"up":[{"embeddable":true,"href":"https:\/\/wir-sind-zeltlager.de\/index.php?rest_route=\/wp\/v2\/pages\/51"}],"wp:attachment":[{"href":"https:\/\/wir-sind-zeltlager.de\/index.php?rest_route=%2Fwp%2Fv2%2Fmedia&parent=106"}],"curies":[{"name":"wp","href":"https:\/\/api.w.org\/{rel}","templated":true}]}}